{"id":740,"date":"2018-05-22T21:42:12","date_gmt":"2018-05-22T19:42:12","guid":{"rendered":"http:\/\/www.fleischerei-erkes.de\/?page_id=740"},"modified":"2025-11-19T10:26:14","modified_gmt":"2025-11-19T08:26:14","slug":"datenschutzerklaerung","status":"publish","type":"page","link":"https:\/\/www.fleischerei-erkes.de\/fleischerei\/datenschutzerklaerung\/","title":{"rendered":"DATENSCHUTZERKL\u00c4RUNG"},"content":{"rendered":"<section  class='av_textblock_section av-lav1ca7e-f423dcdf9de206aed9d7dce0f9f5eb2d'  itemscope=\"itemscope\" itemtype=\"https:\/\/schema.org\/CreativeWork\" ><div class='avia_textblock'  itemprop=\"text\" ><h1>Datenschutzerkl\u00e4rung<\/h1>\n<p><strong>1. Name und Kontaktdaten des f\u00fcr die Verarbeitung Verantwortlichen sowie des betrieblichen Datenschutzbeauftragten<\/strong><\/p>\n<p>Diese Datenschutz-Information gilt f\u00fcr die Datenverarbeitung durch:<\/p>\n<p>Verantwortlicher:<\/p>\n<p>Fleischerei Erkes GmbH<br \/>\nUdo Erkes<br \/>\nHauptstr.68<br \/>\n41352 Korschenbroich-Glehn<\/p>\n<p>Tel.: 02182-4347<br \/>\nFax: 02182-58146<br \/>\ne-Mail: <a href=\"mailto:info@fleischerei-erkes.de\">info@fleischerei-erkes.de<\/a><\/p>\n<p>Gesch\u00e4ftsf\u00fchrer:<br \/>\nUdo &amp; Birgit Erkes<\/p>\n<p>Gerichtsstand Neuss | HRB 10206<\/p>\n<p>Umsatzsteuer-Identifikationsnummer gem\u00e4\u00df \u00a727a Umsatzsteuergesetz:<br \/>\nUst-IdNr.DE205544295<\/p>\n<p>Der\/die betriebliche Datenschutzbeauftragte von fleischerei-erkes.de ist unter der o.g. Anschrift, zu Hd. Herrn Erkes, beziehungsweise unter <a href=\"mailto:info@fleischerei-erkes.de\">info@fleischerei-erkes.de<\/a> erreichbar.<\/p>\n<p><strong>2. Erhebung und Speicherung personenbezogener Daten sowie Art und Zweck von deren<\/strong><br \/>\n<strong> Verwendung<\/strong><\/p>\n<p>Beim Aufrufen unserer Website www.fleischerei-erkes.de werden durch den auf Ihrem Endger\u00e4t zum Einsatz kommenden Browser automatisch Informationen an den Server unserer Website gesendet. Diese Informationen werden tempor\u00e4r in einem sog. Logfile gespeichert. Folgende Informationen werden dabei ohne Ihr Zutun erfasst und bis zur automatisierten L\u00f6schung gespeichert:<\/p>\n<ul>\n<li>IP-Adresse des anfragenden Rechners,<\/li>\n<li>Datum und Uhrzeit des Zugriffs,<\/li>\n<li>Name und URL der abgerufenen Datei,<\/li>\n<li>Website, von der aus der Zugriff erfolgt (Referrer-URL),<\/li>\n<li>verwendeter Browser und ggf. das Betriebssystem Ihres Rechners sowie der Name Ihres Access-Providers.<\/li>\n<\/ul>\n<p>Die genannten Daten werden durch uns zu folgenden Zwecken verarbeitet:<\/p>\n<ul>\n<li>Gew\u00e4hrleistung eines reibungslosen Verbindungsaufbaus der Website,<\/li>\n<li>Gew\u00e4hrleistung einer komfortablen Nutzung unserer Website,<\/li>\n<li>Auswertung der Systemsicherheit und -stabilit\u00e4t sowie<\/li>\n<li>zu weiteren administrativen Zwecken.<\/li>\n<\/ul>\n<p>Die Rechtsgrundlage f\u00fcr die Datenverarbeitung ist Art. 6 Abs. 1 S. 1 lit. f DSGVO. Unser berechtigtes Interesse folgt aus oben aufgelisteten Zwecken zur Datenerhebung. In keinem Fall verwenden wir die erhobenen Daten zu dem Zweck, R\u00fcckschl\u00fcsse auf Ihre Person zu ziehen.<\/p>\n<p><strong>WooCommerce<\/strong><\/p>\n<p>Auf unserer Webseite benutzen wir das Open-Source Shopsystem WooCommerce als Plugin. WooCommerce-Plugin basiert auf dem Content-Management-System WordPress. WooCommerce sammelt Informationen \u00fcber Sie w\u00e4hrend des Bestellvorgangs in unserem Shop.<\/p>\n<p><strong>Was wir sammeln und speichern:<\/strong><br \/>\nW\u00e4hrend Sie unsere Website besuchen, zeichnen wir auf:<\/p>\n<ul>\n<li>Angesehene Produkte: Hier zeigen wir Ihnen Produkte, die Sie vor kurzem angesehen haben.<\/li>\n<li>Standort, IP-Adresse und Browser: Wir verwenden dies f\u00fcr Zwecke wie die Sch\u00e4tzung von Steuern und Versandkosten<\/li>\n<li>Versandadresse: Wir werden Sie auffordern, diese anzugeben, um beispielsweise die Versandkosten bestimmen zu k\u00f6nnen, bevor Sie eine Bestellung aufgeben, und Ihnen die Bestellung zusenden zu k\u00f6nnen.<\/li>\n<\/ul>\n<p>Wir nutzen auch Cookies, um den Inhalt Ihres Warenkorbs zu verfolgen, w\u00e4hrend Sie unsere Website besuchen.<br \/>\nWenn Sie bei uns einkaufen (bestellen), werden wir Sie auffordern, Informationen wie Ihren Namen, Ihre Rechnungs- und Versandadresse, Ihre E-Mail-Adresse und Ihre Telefonnummer anzugeben. Wir nutzen diese Informationen f\u00fcr folgende Zwecke:<\/p>\n<ul>\n<li>Zusenden von Informationen \u00fcber Ihre Bestellung<\/li>\n<li>Antwort auf Ihre Anfragen, inklusive Erstattungen und Beschwerden<\/li>\n<li>Bearbeitung von Zahlungsvorg\u00e4ngen und Verhinderung von Betrug<\/li>\n<li>Einhaltung aller rechtlichen Verpflichtungen, beispielsweise die Steuerberechnung<\/li>\n<li>Verbesserung unsere Shop-Angebote<\/li>\n<\/ul>\n<p>Wir speichern Informationen \u00fcber Sie \u00fcblicherweise so lange, wie wir sie f\u00fcr den Zweck der Erfassung und Nutzung ben\u00f6tigen und verpflichtet sind, sie zu speichern.<\/p>\n<p>Wer hat Zugang zu Ihren Daten?<br \/>\nUnsere Mitarbeiter haben Zugang zu den Informationen, die Sie uns zur Verf\u00fcgung stellen. Zum Beispiel k\u00f6nnen sowohl Administratoren als auch Shop-Manager auf Folgendes zugreifen:<\/p>\n<ul>\n<li>Bestellinformationen wie gekaufte Produkte, der Zeitpunkt des Kaufs sowie die Versandadresse und<\/li>\n<li>Kundeninformationen wie Ihren Namen, Ihre E-Mail-Adresse sowie Rechnungs- und Versandinformationen.<\/li>\n<\/ul>\n<p>Wir haben Zugriff auf diese Informationen, um Bestellungen zu bearbeiten, R\u00fcckerstattungen vorzunehmen und Sie zu unterst\u00fctzen.<\/p>\n<p><strong>Google Maps<\/strong><\/p>\n<p>Wir binden auf unserer Website \u201eGoogle Maps\u201c von Google LLC, 1600 Amphitheatre Parkway, Mountain View, CA 94043, USA, ein. Zu den dort verarbeiteten Daten k\u00f6nnen insbesondere IP-Adressen und Standortdaten der Nutzer geh\u00f6ren, die jedoch nicht ohne deren Einwilligung (im Regelfall im Rahmen der Einstellungen ihrer Mobilger\u00e4te), erhoben werden. Die Daten k\u00f6nnen in den USA verarbeitet werden. Hier finden Sie die <a href=\"https:\/\/www.google.com\/policies\/privacy\/\" target=\"_blank\" rel=\"external noopener\">Datenschutzerkl\u00e4rung<\/a> und hier die <a href=\"https:\/\/adssettings.google.com\/authenticated\" target=\"_blank\" rel=\"external noopener\">Opt-Out-M\u00f6glichkeit<\/a>.<\/p>\n<p><strong>YouTube-Videos<\/strong><\/p>\n<p>Wir haben YouTube-Videos in unser Online-Angebot eingebunden, die auf YouTube gespeichert sind und von unserer Website aus direkt abspielbar sind. Diese sind alle im \u201eerweiterten Datenschutz-Modus\u201c eingebunden, d.h. dass keine Daten \u00fcber Sie als Nutzer an YouTube \u00fcbertragen werden, wenn Sie die Videos nicht abspielen. Erst wenn Sie die Videos abspielen, werden die in Absatz 2 genannten Daten \u00fcbertragen. Auf diese Daten\u00fcbertragung haben wir keinen Einfluss.<\/p>\n<p>Durch den Besuch auf der Website erh\u00e4lt YouTube die Information, dass Sie die entsprechende Unterseite unserer Website aufgerufen haben. Zudem werden die oben genannten Daten \u00fcbermittelt. Dies erfolgt unabh\u00e4ngig davon, ob YouTube ein Nutzerkonto bereitstellt, \u00fcber das Sie eingeloggt sind, oder ob kein Nutzerkonto besteht. Wenn Sie bei Google eingeloggt sind, werden Ihre Daten direkt Ihrem Konto zugeordnet. Wenn Sie die Zuordnung mit Ihrem Profil bei YouTube nicht w\u00fcnschen, m\u00fcssen Sie sich vor Aktivierung des Buttons ausloggen. YouTube speichert Ihre Daten als Nutzungsprofile und nutzt sie f\u00fcr Zwecke der Werbung, Marktforschung und\/oder bedarfsgerechten Gestaltung seiner Website. Eine solche Auswertung erfolgt insbesondere (selbst f\u00fcr nicht eingeloggte Nutzer) zur Erbringung von bedarfsgerechter Werbung und um andere Nutzer des sozialen Netzwerks \u00fcber Ihre Aktivit\u00e4ten auf unserer Website zu informieren. Ihnen steht ein Widerspruchsrecht zu gegen die Bildung dieser Nutzerprofile, wobei Sie sich zur Aus\u00fcbung dessen an YouTube richten m\u00fcssen.<\/p>\n<p>Weitere Informationen zu Zweck und Umfang der Datenerhebung und ihrer Verarbeitung durch YouTube erhalten Sie in der Datenschutzerkl\u00e4rung. Dort erhalten Sie auch weitere Informationen zu Ihren Rechten und Einstellungsm\u00f6glichkeiten zum Schutze Ihrer Privatsph\u00e4re: <a href=\"https:\/\/www.google.de\/intl\/de\/policies\/privacy\" target=\"_blank\" rel=\"external noopener\">https:\/\/www.google.de\/intl\/de\/policies\/privacy<\/a>. Google verarbeitet Ihre personenbezogenen Daten auch in den USA und hat sich dem <a href=\"https:\/\/www.privacyshield.gov\/EU-US-Framework\" target=\"_blank\" rel=\"external noopener\">EU-US-Privacy-Shield<\/a> unterworfen.<\/p>\n<p><strong>3. Weitergabe von Daten<\/strong><\/p>\n<p>Eine \u00dcbermittlung Ihrer pers\u00f6nlichen Daten an Dritte zu anderen als den im Folgenden aufgef\u00fchrten Zwecken findet nicht statt.<\/p>\n<p>Wir geben Ihre pers\u00f6nlichen Daten nur an Dritte weiter, wenn:<\/p>\n<ul>\n<li>Sie Ihre nach Art. 6 Abs. 1 S. 1 lit. a DSGVO ausdr\u00fcckliche Einwilligung dazu erteilt haben,<\/li>\n<li>die Weitergabe nach Art. 6 Abs. 1 S. 1 lit. f DSGVO zur Geltendmachung, Aus\u00fcbung oder<br \/>\nVerteidigung von Rechtsanspr\u00fcchen erforderlich ist und kein Grund zur Annahme besteht, dass Sie ein \u00fcberwiegendes schutzw\u00fcrdiges Interesse an der Nichtweitergabe Ihrer Daten haben,<\/li>\n<li>f\u00fcr den Fall, dass f\u00fcr die Weitergabe nach Art. 6 Abs. 1 S. 1 lit. c DSGVO eine gesetzliche<br \/>\nVerpflichtung besteht, sowie<\/li>\n<li>dies gesetzlich zul\u00e4ssig und nach Art. 6 Abs. 1 S. 1 lit. b DSGVO f\u00fcr die Abwicklung von<br \/>\nVertragsverh\u00e4ltnissen mit Ihnen erforderlich ist.<\/li>\n<\/ul>\n<p><strong>4. Betroffenenrechte<\/strong><\/p>\n<p>Sie haben das Recht:<\/p>\n<ul>\n<li>gem\u00e4\u00df Art. 15 DSGVO Auskunft \u00fcber Ihre von uns verarbeiteten personenbezogenen Daten zu verlangen. Insbesondere k\u00f6nnen Sie Auskunft \u00fcber die Verarbeitungszwecke, die Kategorie der personenbezogenen Daten, die Kategorien von Empf\u00e4ngern, gegen\u00fcber denen Ihre Daten offengelegt wurden oder werden, die geplante Speicherdauer, das Bestehen eines Rechts auf Berichtigung, L\u00f6schung, Einschr\u00e4nkung der Verarbeitung oder Widerspruch, das Bestehen eines Beschwerderechts, die Herkunft ihrer Daten, sofern diese nicht bei uns erhoben wurden, sowie \u00fcber das Bestehen einer automatisierten Entscheidungsfindung einschlie\u00dflich Profiling und ggf. aussagekr\u00e4ftigen Informationen zu deren Einzelheiten verlangen;<\/li>\n<li>gem\u00e4\u00df Art. 16 DSGVO unverz\u00fcglich die Berichtigung unrichtiger oder Vervollst\u00e4ndigung Ihrer bei uns gespeicherten personenbezogenen Daten zu verlangen;<br \/>\ngem\u00e4\u00df Art. 17 DSGVO die L\u00f6schung Ihrer bei uns gespeicherten personenbezogenen Daten zu verlangen, soweit nicht die Verarbeitung zur Aus\u00fcbung des Rechts auf freie Meinungs\u00e4u\u00dferung und Information, zur Erf\u00fcllung einer rechtlichen Verpflichtung, aus Gr\u00fcnden des \u00f6ffentlichen Interesses oder zur Geltendmachung, Aus\u00fcbung oder Verteidigung von Rechtsanspr\u00fcchen erforderlich ist;<\/li>\n<li>gem\u00e4\u00df Art. 18 DSGVO die Einschr\u00e4nkung der Verarbeitung Ihrer personenbezogenen Daten zu verlangen, soweit die Richtigkeit der Daten von Ihnen bestritten wird, die Verarbeitung unrechtm\u00e4\u00dfig ist, Sie aber deren L\u00f6schung ablehnen und wir die Daten nicht mehr ben\u00f6tigen, Sie jedoch diese zur Geltendmachung, Aus\u00fcbung oder Verteidigung von Rechtsanspr\u00fcchen ben\u00f6tigen oder Sie gem\u00e4\u00df Art. 21 DSGVO Widerspruch gegen die Verarbeitung eingelegt haben;<\/li>\n<li>gem\u00e4\u00df Art. 20 DSGVO Ihre personenbezogenen Daten, die Sie uns bereitgestellt haben, in einem strukturierten, g\u00e4ngigen und maschinenlesebaren Format zu erhalten oder die \u00dcbermittlung an einen anderen Verantwortlichen zu verlangen;<\/li>\n<li>gem\u00e4\u00df Art. 7 Abs. 3 DSGVO Ihre einmal erteilte Einwilligung jederzeit gegen\u00fcber uns zu widerrufen. Dies hat zur Folge, dass wir die Datenverarbeitung, die auf dieser Einwilligung beruhte, f\u00fcr die Zukunft nicht mehr fortf\u00fchren d\u00fcrfen und gem\u00e4\u00df Art. 77 DSGVO sich bei einer Aufsichtsbeh\u00f6rde zu beschweren. In der Regel k\u00f6nnen Sie sich hierf\u00fcr an die Aufsichtsbeh\u00f6rde Ihres \u00fcblichen Aufenthaltsortes oder Arbeitsplatzes oder unseres Firmensitzes wenden.<\/li>\n<\/ul>\n<p><strong>5. Widerspruchsrecht<\/strong><\/p>\n<p>Sofern Ihre personenbezogenen Daten auf Grundlage von berechtigten Interessen gem\u00e4\u00df Art. 6 Abs. 1S. 1 lit. f DSGVO verarbeitet werden, haben Sie das Recht, gem\u00e4\u00df Art. 21 DSGVO Widerspruch gegen die Verarbeitung Ihrer personenbezogenen Daten einzulegen, soweit daf\u00fcr Gr\u00fcnde vorliegen, die sich aus Ihrer besonderen Situation ergeben oder sich der Widerspruch gegen Direktwerbung richtet. Im letzteren Fall haben Sie ein generelles Widerspruchsrecht, das ohne Angabe einer besonderen Situation von uns umgesetzt wird.<\/p>\n<p>M\u00f6chten Sie von Ihrem Widerrufs- oder Widerspruchsrecht Gebrauch machen, gen\u00fcgt eine E-Mail an <a href=\"mailto:info@fleischerei-erkes.de\">info@fleischerei-erkes.de<\/a><\/p>\n<p><strong>6. Datensicherheit<\/strong><\/p>\n<p>Wir bedienen uns geeigneter technischer und organisatorischer Sicherheitsma\u00dfnahmen, um Ihre Daten gegen zuf\u00e4llige oder vors\u00e4tzliche Manipulationen, teilweisen oder vollst\u00e4ndigen Verlust, Zerst\u00f6rung oder gegen den unbefugten Zugriff Dritter zu sch\u00fctzen. Unsere Sicherheitsma\u00dfnahmen werden entsprechend der technologischen Entwicklung fortlaufend verbessert.<\/p>\n<p><strong>7. Streitbeilegung<\/strong><\/p>\n<p>Wir sind nicht bereit oder verpflichtet, an Streitbeilegungsverfahren vor einer Verbraucherschlichtungsstelle teilzunehmen.<\/p>\n<p><strong>8. Aktualit\u00e4t und \u00c4nderung dieser Datenschutzerkl\u00e4rung<\/strong><\/p>\n<p>Diese Datenschutzerkl\u00e4rung ist aktuell g\u00fcltig und hat den Stand Mai 2018.<\/p>\n<\/div><\/section>\n","protected":false},"excerpt":{"rendered":"","protected":false},"author":1,"featured_media":0,"parent":0,"menu_order":0,"comment_status":"closed","ping_status":"closed","template":"","meta":{"footnotes":""},"class_list":["post-740","page","type-page","status-publish","hentry"],"yoast_head":"<!-- This site is optimized with the Yoast SEO plugin v27.4 - https:\/\/yoast.com\/product\/yoast-seo-wordpress\/ -->\n<title>DATENSCHUTZERKL\u00c4RUNG - Fleischerei Erkes - Glehns geschmackvolle Adresse<\/title>\n<meta name=\"robots\" content=\"index, follow, max-snippet:-1, max-image-preview:large, max-video-preview:-1\" \/>\n<link rel=\"canonical\" href=\"https:\/\/www.fleischerei-erkes.de\/fleischerei\/datenschutzerklaerung\/\" \/>\n<meta property=\"og:locale\" content=\"de_DE\" \/>\n<meta property=\"og:type\" content=\"article\" \/>\n<meta property=\"og:title\" content=\"DATENSCHUTZERKL\u00c4RUNG - Fleischerei Erkes - Glehns geschmackvolle Adresse\" \/>\n<meta property=\"og:url\" content=\"https:\/\/www.fleischerei-erkes.de\/fleischerei\/datenschutzerklaerung\/\" \/>\n<meta property=\"og:site_name\" content=\"Fleischerei Erkes - Glehns geschmackvolle Adresse\" \/>\n<meta property=\"article:publisher\" content=\"https:\/\/www.facebook.com\/Fleischerei-Erkes-Glehns-geschmackvolle-Adresse-101238474861935\" \/>\n<meta property=\"article:modified_time\" content=\"2025-11-19T08:26:14+00:00\" \/>\n<meta property=\"og:image\" content=\"https:\/\/www.fleischerei-erkes.de\/fleischerei\/wp-content\/uploads\/2014\/11\/fleischerei_erkes_glehn_historie_01.jpg\" \/>\n\t<meta property=\"og:image:width\" content=\"1920\" \/>\n\t<meta property=\"og:image:height\" content=\"580\" \/>\n\t<meta property=\"og:image:type\" content=\"image\/jpeg\" \/>\n<meta name=\"twitter:card\" content=\"summary_large_image\" \/>\n<meta name=\"twitter:label1\" content=\"Gesch\u00e4tzte Lesezeit\" \/>\n\t<meta name=\"twitter:data1\" content=\"9\u00a0Minuten\" \/>\n<script type=\"application\/ld+json\" class=\"yoast-schema-graph\">{\"@context\":\"https:\\\/\\\/schema.org\",\"@graph\":[{\"@type\":\"WebPage\",\"@id\":\"https:\\\/\\\/www.fleischerei-erkes.de\\\/fleischerei\\\/datenschutzerklaerung\\\/\",\"url\":\"https:\\\/\\\/www.fleischerei-erkes.de\\\/fleischerei\\\/datenschutzerklaerung\\\/\",\"name\":\"DATENSCHUTZERKL\u00c4RUNG - Fleischerei Erkes - Glehns geschmackvolle Adresse\",\"isPartOf\":{\"@id\":\"https:\\\/\\\/www.fleischerei-erkes.de\\\/fleischerei\\\/#website\"},\"datePublished\":\"2018-05-22T19:42:12+00:00\",\"dateModified\":\"2025-11-19T08:26:14+00:00\",\"breadcrumb\":{\"@id\":\"https:\\\/\\\/www.fleischerei-erkes.de\\\/fleischerei\\\/datenschutzerklaerung\\\/#breadcrumb\"},\"inLanguage\":\"de\",\"potentialAction\":[{\"@type\":\"ReadAction\",\"target\":[\"https:\\\/\\\/www.fleischerei-erkes.de\\\/fleischerei\\\/datenschutzerklaerung\\\/\"]}]},{\"@type\":\"BreadcrumbList\",\"@id\":\"https:\\\/\\\/www.fleischerei-erkes.de\\\/fleischerei\\\/datenschutzerklaerung\\\/#breadcrumb\",\"itemListElement\":[{\"@type\":\"ListItem\",\"position\":1,\"name\":\"Startseite\",\"item\":\"https:\\\/\\\/www.fleischerei-erkes.de\\\/fleischerei\\\/fleischerei-erkes-glehns-geschmackvolle-adresse\\\/\"},{\"@type\":\"ListItem\",\"position\":2,\"name\":\"DATENSCHUTZERKL\u00c4RUNG\"}]},{\"@type\":\"WebSite\",\"@id\":\"https:\\\/\\\/www.fleischerei-erkes.de\\\/fleischerei\\\/#website\",\"url\":\"https:\\\/\\\/www.fleischerei-erkes.de\\\/fleischerei\\\/\",\"name\":\"Fleischerei Erkes - Glehns geschmackvolle Adresse\",\"description\":\"Glehns geschmackvolle Adresse\",\"publisher\":{\"@id\":\"https:\\\/\\\/www.fleischerei-erkes.de\\\/fleischerei\\\/#organization\"},\"alternateName\":\"Erkes. Der Metzger in Glehn\",\"potentialAction\":[{\"@type\":\"SearchAction\",\"target\":{\"@type\":\"EntryPoint\",\"urlTemplate\":\"https:\\\/\\\/www.fleischerei-erkes.de\\\/fleischerei\\\/?s={search_term_string}\"},\"query-input\":{\"@type\":\"PropertyValueSpecification\",\"valueRequired\":true,\"valueName\":\"search_term_string\"}}],\"inLanguage\":\"de\"},{\"@type\":\"Organization\",\"@id\":\"https:\\\/\\\/www.fleischerei-erkes.de\\\/fleischerei\\\/#organization\",\"name\":\"Fleischerei Erkes - Glehns geschmackvolle Adresse\",\"alternateName\":\"Fleischerei Erkes - Glehn\",\"url\":\"https:\\\/\\\/www.fleischerei-erkes.de\\\/fleischerei\\\/\",\"logo\":{\"@type\":\"ImageObject\",\"inLanguage\":\"de\",\"@id\":\"https:\\\/\\\/www.fleischerei-erkes.de\\\/fleischerei\\\/#\\\/schema\\\/logo\\\/image\\\/\",\"url\":\"https:\\\/\\\/www.fleischerei-erkes.de\\\/fleischerei\\\/wp-content\\\/uploads\\\/2022\\\/07\\\/Fleischerei-Erkes-Glehn_Logo_grau-1.png\",\"contentUrl\":\"https:\\\/\\\/www.fleischerei-erkes.de\\\/fleischerei\\\/wp-content\\\/uploads\\\/2022\\\/07\\\/Fleischerei-Erkes-Glehn_Logo_grau-1.png\",\"width\":1000,\"height\":166,\"caption\":\"Fleischerei Erkes - Glehns geschmackvolle Adresse\"},\"image\":{\"@id\":\"https:\\\/\\\/www.fleischerei-erkes.de\\\/fleischerei\\\/#\\\/schema\\\/logo\\\/image\\\/\"},\"sameAs\":[\"https:\\\/\\\/www.facebook.com\\\/Fleischerei-Erkes-Glehns-geschmackvolle-Adresse-101238474861935\"]}]}<\/script>\n<!-- \/ Yoast SEO plugin. -->","yoast_head_json":{"title":"DATENSCHUTZERKL\u00c4RUNG - Fleischerei Erkes - Glehns geschmackvolle Adresse","robots":{"index":"index","follow":"follow","max-snippet":"max-snippet:-1","max-image-preview":"max-image-preview:large","max-video-preview":"max-video-preview:-1"},"canonical":"https:\/\/www.fleischerei-erkes.de\/fleischerei\/datenschutzerklaerung\/","og_locale":"de_DE","og_type":"article","og_title":"DATENSCHUTZERKL\u00c4RUNG - Fleischerei Erkes - Glehns geschmackvolle Adresse","og_url":"https:\/\/www.fleischerei-erkes.de\/fleischerei\/datenschutzerklaerung\/","og_site_name":"Fleischerei Erkes - Glehns geschmackvolle Adresse","article_publisher":"https:\/\/www.facebook.com\/Fleischerei-Erkes-Glehns-geschmackvolle-Adresse-101238474861935","article_modified_time":"2025-11-19T08:26:14+00:00","og_image":[{"width":1920,"height":580,"url":"https:\/\/www.fleischerei-erkes.de\/fleischerei\/wp-content\/uploads\/2014\/11\/fleischerei_erkes_glehn_historie_01.jpg","type":"image\/jpeg"}],"twitter_card":"summary_large_image","twitter_misc":{"Gesch\u00e4tzte Lesezeit":"9\u00a0Minuten"},"schema":{"@context":"https:\/\/schema.org","@graph":[{"@type":"WebPage","@id":"https:\/\/www.fleischerei-erkes.de\/fleischerei\/datenschutzerklaerung\/","url":"https:\/\/www.fleischerei-erkes.de\/fleischerei\/datenschutzerklaerung\/","name":"DATENSCHUTZERKL\u00c4RUNG - Fleischerei Erkes - Glehns geschmackvolle Adresse","isPartOf":{"@id":"https:\/\/www.fleischerei-erkes.de\/fleischerei\/#website"},"datePublished":"2018-05-22T19:42:12+00:00","dateModified":"2025-11-19T08:26:14+00:00","breadcrumb":{"@id":"https:\/\/www.fleischerei-erkes.de\/fleischerei\/datenschutzerklaerung\/#breadcrumb"},"inLanguage":"de","potentialAction":[{"@type":"ReadAction","target":["https:\/\/www.fleischerei-erkes.de\/fleischerei\/datenschutzerklaerung\/"]}]},{"@type":"BreadcrumbList","@id":"https:\/\/www.fleischerei-erkes.de\/fleischerei\/datenschutzerklaerung\/#breadcrumb","itemListElement":[{"@type":"ListItem","position":1,"name":"Startseite","item":"https:\/\/www.fleischerei-erkes.de\/fleischerei\/fleischerei-erkes-glehns-geschmackvolle-adresse\/"},{"@type":"ListItem","position":2,"name":"DATENSCHUTZERKL\u00c4RUNG"}]},{"@type":"WebSite","@id":"https:\/\/www.fleischerei-erkes.de\/fleischerei\/#website","url":"https:\/\/www.fleischerei-erkes.de\/fleischerei\/","name":"Fleischerei Erkes - Glehns geschmackvolle Adresse","description":"Glehns geschmackvolle Adresse","publisher":{"@id":"https:\/\/www.fleischerei-erkes.de\/fleischerei\/#organization"},"alternateName":"Erkes. Der Metzger in Glehn","potentialAction":[{"@type":"SearchAction","target":{"@type":"EntryPoint","urlTemplate":"https:\/\/www.fleischerei-erkes.de\/fleischerei\/?s={search_term_string}"},"query-input":{"@type":"PropertyValueSpecification","valueRequired":true,"valueName":"search_term_string"}}],"inLanguage":"de"},{"@type":"Organization","@id":"https:\/\/www.fleischerei-erkes.de\/fleischerei\/#organization","name":"Fleischerei Erkes - Glehns geschmackvolle Adresse","alternateName":"Fleischerei Erkes - Glehn","url":"https:\/\/www.fleischerei-erkes.de\/fleischerei\/","logo":{"@type":"ImageObject","inLanguage":"de","@id":"https:\/\/www.fleischerei-erkes.de\/fleischerei\/#\/schema\/logo\/image\/","url":"https:\/\/www.fleischerei-erkes.de\/fleischerei\/wp-content\/uploads\/2022\/07\/Fleischerei-Erkes-Glehn_Logo_grau-1.png","contentUrl":"https:\/\/www.fleischerei-erkes.de\/fleischerei\/wp-content\/uploads\/2022\/07\/Fleischerei-Erkes-Glehn_Logo_grau-1.png","width":1000,"height":166,"caption":"Fleischerei Erkes - Glehns geschmackvolle Adresse"},"image":{"@id":"https:\/\/www.fleischerei-erkes.de\/fleischerei\/#\/schema\/logo\/image\/"},"sameAs":["https:\/\/www.facebook.com\/Fleischerei-Erkes-Glehns-geschmackvolle-Adresse-101238474861935"]}]}},"_links":{"self":[{"href":"https:\/\/www.fleischerei-erkes.de\/fleischerei\/wp-json\/wp\/v2\/pages\/740","targetHints":{"allow":["GET"]}}],"collection":[{"href":"https:\/\/www.fleischerei-erkes.de\/fleischerei\/wp-json\/wp\/v2\/pages"}],"about":[{"href":"https:\/\/www.fleischerei-erkes.de\/fleischerei\/wp-json\/wp\/v2\/types\/page"}],"author":[{"embeddable":true,"href":"https:\/\/www.fleischerei-erkes.de\/fleischerei\/wp-json\/wp\/v2\/users\/1"}],"replies":[{"embeddable":true,"href":"https:\/\/www.fleischerei-erkes.de\/fleischerei\/wp-json\/wp\/v2\/comments?post=740"}],"version-history":[{"count":17,"href":"https:\/\/www.fleischerei-erkes.de\/fleischerei\/wp-json\/wp\/v2\/pages\/740\/revisions"}],"predecessor-version":[{"id":5052,"href":"https:\/\/www.fleischerei-erkes.de\/fleischerei\/wp-json\/wp\/v2\/pages\/740\/revisions\/5052"}],"wp:attachment":[{"href":"https:\/\/www.fleischerei-erkes.de\/fleischerei\/wp-json\/wp\/v2\/media?parent=740"}],"curies":[{"name":"wp","href":"https:\/\/api.w.org\/{rel}","templated":true}]}}