{"id":2897,"date":"2022-12-10T11:08:34","date_gmt":"2022-12-10T09:08:34","guid":{"rendered":"https:\/\/www.fleischerei-erkes.de\/?page_id=2897"},"modified":"2025-12-12T22:26:18","modified_gmt":"2025-12-12T20:26:18","slug":"weihnachtsmenue-ausverkauft","status":"publish","type":"page","link":"https:\/\/www.fleischerei-erkes.de\/fleischerei\/weihnachtsmenue-ausverkauft\/","title":{"rendered":"Weihnachtsmenue ausverkauft"},"content":{"rendered":"\n<style type=\"text\/css\" data-created_by=\"avia_inline_auto\" id=\"style-css-av-588wa9-826cc2aa315f0953baabbee844cf6c34\">\n.avia-section.av-588wa9-826cc2aa315f0953baabbee844cf6c34 .av-parallax .av-parallax-inner{\nbackground-repeat:no-repeat;\nbackground-image:url(https:\/\/www.fleischerei-erkes.de\/fleischerei\/wp-content\/uploads\/2022\/11\/erkes_stern01-1-1030x1030.jpg);\nbackground-position:50% 0%;\nbackground-attachment:scroll;\n}\n.avia-section.av-588wa9-826cc2aa315f0953baabbee844cf6c34 .av-extra-border-element .av-extra-border-inner{\nbackground-color:#e8e8e8;\n}\n<\/style>\n<div id='av_section_1'  class='avia-section av-588wa9-826cc2aa315f0953baabbee844cf6c34 main_color avia-section-default avia-no-border-styling  avia-builder-el-0  avia-builder-el-no-sibling  av-parallax-section avia-bg-style-parallax av-minimum-height av-minimum-height-custom  container_wrap fullsize'  data-section-bg-repeat='no-repeat' data-av_minimum_height_px='650'><div class='av-parallax' data-avia-parallax-ratio='0.3' ><div class='av-parallax-inner main_color avia-full-stretch'><\/div><\/div><div class='container av-section-cont-open' style='height:650px'><main  role=\"main\" itemprop=\"mainContentOfPage\"  class='template-page content  av-content-full alpha units'><div class='post-entry post-entry-type-page post-entry-2897'><div class='entry-content-wrapper clearfix'>\n\n<style type=\"text\/css\" data-created_by=\"avia_inline_auto\" id=\"style-css-av-lbhq0od4-46eb351332d1ed998efe95fc9fc1ceb1\">\n.flex_column.av-lbhq0od4-46eb351332d1ed998efe95fc9fc1ceb1{\n-webkit-border-radius:0 0 0 0;\n-moz-border-radius:0 0 0 0;\nborder-radius:0 0 0 0;\npadding:10px 10px 10px 10px;\nbackground-color:#ffffff;\n}\n<\/style>\n<div class='flex_column av-lbhq0od4-46eb351332d1ed998efe95fc9fc1ceb1 av_four_fifth  avia-builder-el-1  el_before_av_four_fifth  avia-builder-el-first  first flex_column_div '     ><style type=\"text\/css\" data-created_by=\"avia_inline_auto\" id=\"style-css-av-3u5wvl-04d4cea84e03231ecd36ed929dc45b4a\">\n#top .av-special-heading.av-3u5wvl-04d4cea84e03231ecd36ed929dc45b4a{\npadding-bottom:10px;\ncolor:#b69c5d;\n}\nbody .av-special-heading.av-3u5wvl-04d4cea84e03231ecd36ed929dc45b4a .av-special-heading-tag .heading-char{\nfont-size:25px;\n}\n.av-special-heading.av-3u5wvl-04d4cea84e03231ecd36ed929dc45b4a .special-heading-inner-border{\nborder-color:#b69c5d;\n}\n.av-special-heading.av-3u5wvl-04d4cea84e03231ecd36ed929dc45b4a .av-subheading{\nfont-size:15px;\n}\n<\/style>\n<div  class='av-special-heading av-3u5wvl-04d4cea84e03231ecd36ed929dc45b4a av-special-heading-h1 custom-color-heading blockquote modern-quote  avia-builder-el-2  avia-builder-el-no-sibling '><h1 class='av-special-heading-tag'  itemprop=\"headline\"  >Unser Weihnachtsmen\u00fc ist ausverkauft!<\/h1><div class=\"special-heading-border\"><div class=\"special-heading-inner-border\"><\/div><\/div><\/div><\/div>\n<style type=\"text\/css\" data-created_by=\"avia_inline_auto\" id=\"style-css-av-2t8lxt-937e3cf4d304eda20dcd3425f029d404\">\n.flex_column.av-2t8lxt-937e3cf4d304eda20dcd3425f029d404{\n-webkit-border-radius:0 0 0 0;\n-moz-border-radius:0 0 0 0;\nborder-radius:0 0 0 0;\npadding:10px 10px 10px 10px;\nbackground-color:#ffffff;\n}\n<\/style>\n<div class='flex_column av-2t8lxt-937e3cf4d304eda20dcd3425f029d404 av_four_fifth  avia-builder-el-3  el_after_av_four_fifth  avia-builder-el-last  first flex_column_div '     ><style type=\"text\/css\" data-created_by=\"avia_inline_auto\" id=\"style-css-av-1zo0bl-4ac0a2c5dae45c67145f798eb87f863d\">\n#top .av_textblock_section.av-1zo0bl-4ac0a2c5dae45c67145f798eb87f863d .avia_textblock{\ncolor:#ffffff;\n}\n<\/style>\n<section  class='av_textblock_section av-1zo0bl-4ac0a2c5dae45c67145f798eb87f863d'  itemscope=\"itemscope\" itemtype=\"https:\/\/schema.org\/CreativeWork\" ><div class='avia_textblock av_inherit_color'  itemprop=\"text\" ><h1>Nat\u00fcrlich k\u00f6nnen Sie noch bei uns im Laden f\u00fcr Weihnachten ganz normal einkaufen. Wir haben uns gut f\u00fcr das Fest eingedeckt und freuen uns auf Sie.<\/h1>\n<p><span style=\"color: #993300;\">Liebe Kunden,<\/span><\/p>\n<p><span style=\"color: #993300;\">der Wunschzettel f\u00fcr das Weihnachtsmen\u00fc ist geschrieben. Alle eingegangenen Bestellungen erhalten <strong>zus\u00e4tzlich<\/strong> zu der vom System generierten Emailbest\u00e4tigung <strong>eine gesonderte Email<\/strong> von uns, dass die Bestellung in unser System eingegeben wurde (Sie erhalten also zwei Emails \ud83d\ude09 ).Erst dann ist Ihre Bestellung best\u00e4tigt. <strong>Sollten sie bis zum 19.12.2025 keine zweite Email zu Ihrer Weihnachtsmen\u00fc-Bestellung von uns erhalten, oder haben Sie das Gef\u00fchl irgendetwas ist mit Ihrer Bestellung falsch gelaufen, wenden Sie sich bitte umgehend an uns!<\/strong> Vielen Dank.<\/span><\/p>\n<h1><span style=\"color: #993300;\">Sie k\u00f6nnen Ihre Bestellung am 24.12.2025\u00a0 von 7.30 \u2013 12.00 Uhr bei uns im Laden oder Hof abholen und dort bezahlen.<\/span><\/h1>\n<h5><\/h5>\n<h5><span style=\"color: #993300;\"><strong><br \/>\nGe\u00e4nderte \u00d6ffnungszeiten: <br class=\"avia-permanent-lb\" \/><\/strong><\/span><br \/>\n<span style=\"color: #993300;\">Montag 22. Dezember <strong>8.00-12.30 &amp; 14.30-18.00 Uhr<br \/>\n<\/strong><strong>Dienstag 23. Dezember 8.00-12.30 &amp; 14.00-18.00 Uhr<br \/>\n<\/strong><strong>Mittwoch 24. Dezember 7.30h &#8211; 12.00 Uhr<\/strong><\/span><\/h5>\n<p><strong><br \/>\n<\/strong><span style=\"color: #993300;\"><strong>Urlaub: <br class=\"avia-permanent-lb\" \/><br class=\"avia-permanent-lb\" \/><\/strong>Ab Samstag, den 27. Dezember 2025 haben wir geschlossen und werden Sie bis zum 6. Januar 2026 vermissen.<\/span><br \/>\n<span style=\"color: #993300;\"> Am Mittwoch, den 7. Januar 2026 sind wir wieder frisch und munter f\u00fcr Sie da und freuen uns auf Sie.<\/span><\/p>\n<p><span style=\"color: #993300;\">Wir w\u00fcnschen Ihnen ein frohes Weihnachtsfest.<\/span><\/p>\n<\/div><\/section><\/div>\n","protected":false},"excerpt":{"rendered":"","protected":false},"author":1,"featured_media":0,"parent":0,"menu_order":0,"comment_status":"closed","ping_status":"closed","template":"","meta":{"footnotes":""},"class_list":["post-2897","page","type-page","status-publish","hentry"],"yoast_head":"<!-- This site is optimized with the Yoast SEO plugin v27.5 - https:\/\/yoast.com\/product\/yoast-seo-wordpress\/ -->\n<title>Weihnachtsmenue ausverkauft - Fleischerei Erkes - Glehns geschmackvolle Adresse<\/title>\n<meta name=\"robots\" content=\"index, follow, max-snippet:-1, max-image-preview:large, max-video-preview:-1\" \/>\n<link rel=\"canonical\" href=\"https:\/\/www.fleischerei-erkes.de\/fleischerei\/weihnachtsmenue-ausverkauft\/\" \/>\n<meta property=\"og:locale\" content=\"de_DE\" \/>\n<meta property=\"og:type\" content=\"article\" \/>\n<meta property=\"og:title\" content=\"Weihnachtsmenue ausverkauft - Fleischerei Erkes - Glehns geschmackvolle Adresse\" \/>\n<meta property=\"og:url\" content=\"https:\/\/www.fleischerei-erkes.de\/fleischerei\/weihnachtsmenue-ausverkauft\/\" \/>\n<meta property=\"og:site_name\" content=\"Fleischerei Erkes - Glehns geschmackvolle Adresse\" \/>\n<meta property=\"article:publisher\" content=\"https:\/\/www.facebook.com\/Fleischerei-Erkes-Glehns-geschmackvolle-Adresse-101238474861935\" \/>\n<meta property=\"article:modified_time\" content=\"2025-12-12T20:26:18+00:00\" \/>\n<meta property=\"og:image\" content=\"https:\/\/www.fleischerei-erkes.de\/fleischerei\/wp-content\/uploads\/2014\/11\/fleischerei_erkes_glehn_historie_01.jpg\" \/>\n\t<meta property=\"og:image:width\" content=\"1920\" \/>\n\t<meta property=\"og:image:height\" content=\"580\" \/>\n\t<meta property=\"og:image:type\" content=\"image\/jpeg\" \/>\n<meta name=\"twitter:card\" content=\"summary_large_image\" \/>\n<meta name=\"twitter:label1\" content=\"Gesch\u00e4tzte Lesezeit\" \/>\n\t<meta name=\"twitter:data1\" content=\"3\u00a0Minuten\" \/>\n<script type=\"application\/ld+json\" class=\"yoast-schema-graph\">{\"@context\":\"https:\\\/\\\/schema.org\",\"@graph\":[{\"@type\":\"WebPage\",\"@id\":\"https:\\\/\\\/www.fleischerei-erkes.de\\\/fleischerei\\\/weihnachtsmenue-ausverkauft\\\/\",\"url\":\"https:\\\/\\\/www.fleischerei-erkes.de\\\/fleischerei\\\/weihnachtsmenue-ausverkauft\\\/\",\"name\":\"Weihnachtsmenue ausverkauft - Fleischerei Erkes - Glehns geschmackvolle Adresse\",\"isPartOf\":{\"@id\":\"https:\\\/\\\/www.fleischerei-erkes.de\\\/fleischerei\\\/#website\"},\"datePublished\":\"2022-12-10T09:08:34+00:00\",\"dateModified\":\"2025-12-12T20:26:18+00:00\",\"breadcrumb\":{\"@id\":\"https:\\\/\\\/www.fleischerei-erkes.de\\\/fleischerei\\\/weihnachtsmenue-ausverkauft\\\/#breadcrumb\"},\"inLanguage\":\"de\",\"potentialAction\":[{\"@type\":\"ReadAction\",\"target\":[\"https:\\\/\\\/www.fleischerei-erkes.de\\\/fleischerei\\\/weihnachtsmenue-ausverkauft\\\/\"]}]},{\"@type\":\"BreadcrumbList\",\"@id\":\"https:\\\/\\\/www.fleischerei-erkes.de\\\/fleischerei\\\/weihnachtsmenue-ausverkauft\\\/#breadcrumb\",\"itemListElement\":[{\"@type\":\"ListItem\",\"position\":1,\"name\":\"Startseite\",\"item\":\"https:\\\/\\\/www.fleischerei-erkes.de\\\/fleischerei\\\/fleischerei-erkes-glehns-geschmackvolle-adresse\\\/\"},{\"@type\":\"ListItem\",\"position\":2,\"name\":\"Weihnachtsmenue ausverkauft\"}]},{\"@type\":\"WebSite\",\"@id\":\"https:\\\/\\\/www.fleischerei-erkes.de\\\/fleischerei\\\/#website\",\"url\":\"https:\\\/\\\/www.fleischerei-erkes.de\\\/fleischerei\\\/\",\"name\":\"Fleischerei Erkes - Glehns geschmackvolle Adresse\",\"description\":\"Glehns geschmackvolle Adresse\",\"publisher\":{\"@id\":\"https:\\\/\\\/www.fleischerei-erkes.de\\\/fleischerei\\\/#organization\"},\"alternateName\":\"Erkes. Der Metzger in Glehn\",\"potentialAction\":[{\"@type\":\"SearchAction\",\"target\":{\"@type\":\"EntryPoint\",\"urlTemplate\":\"https:\\\/\\\/www.fleischerei-erkes.de\\\/fleischerei\\\/?s={search_term_string}\"},\"query-input\":{\"@type\":\"PropertyValueSpecification\",\"valueRequired\":true,\"valueName\":\"search_term_string\"}}],\"inLanguage\":\"de\"},{\"@type\":\"Organization\",\"@id\":\"https:\\\/\\\/www.fleischerei-erkes.de\\\/fleischerei\\\/#organization\",\"name\":\"Fleischerei Erkes - Glehns geschmackvolle Adresse\",\"alternateName\":\"Fleischerei Erkes - Glehn\",\"url\":\"https:\\\/\\\/www.fleischerei-erkes.de\\\/fleischerei\\\/\",\"logo\":{\"@type\":\"ImageObject\",\"inLanguage\":\"de\",\"@id\":\"https:\\\/\\\/www.fleischerei-erkes.de\\\/fleischerei\\\/#\\\/schema\\\/logo\\\/image\\\/\",\"url\":\"https:\\\/\\\/www.fleischerei-erkes.de\\\/fleischerei\\\/wp-content\\\/uploads\\\/2022\\\/07\\\/Fleischerei-Erkes-Glehn_Logo_grau-1.png\",\"contentUrl\":\"https:\\\/\\\/www.fleischerei-erkes.de\\\/fleischerei\\\/wp-content\\\/uploads\\\/2022\\\/07\\\/Fleischerei-Erkes-Glehn_Logo_grau-1.png\",\"width\":1000,\"height\":166,\"caption\":\"Fleischerei Erkes - Glehns geschmackvolle Adresse\"},\"image\":{\"@id\":\"https:\\\/\\\/www.fleischerei-erkes.de\\\/fleischerei\\\/#\\\/schema\\\/logo\\\/image\\\/\"},\"sameAs\":[\"https:\\\/\\\/www.facebook.com\\\/Fleischerei-Erkes-Glehns-geschmackvolle-Adresse-101238474861935\"]}]}<\/script>\n<!-- \/ Yoast SEO plugin. -->","yoast_head_json":{"title":"Weihnachtsmenue ausverkauft - Fleischerei Erkes - Glehns geschmackvolle Adresse","robots":{"index":"index","follow":"follow","max-snippet":"max-snippet:-1","max-image-preview":"max-image-preview:large","max-video-preview":"max-video-preview:-1"},"canonical":"https:\/\/www.fleischerei-erkes.de\/fleischerei\/weihnachtsmenue-ausverkauft\/","og_locale":"de_DE","og_type":"article","og_title":"Weihnachtsmenue ausverkauft - Fleischerei Erkes - Glehns geschmackvolle Adresse","og_url":"https:\/\/www.fleischerei-erkes.de\/fleischerei\/weihnachtsmenue-ausverkauft\/","og_site_name":"Fleischerei Erkes - Glehns geschmackvolle Adresse","article_publisher":"https:\/\/www.facebook.com\/Fleischerei-Erkes-Glehns-geschmackvolle-Adresse-101238474861935","article_modified_time":"2025-12-12T20:26:18+00:00","og_image":[{"width":1920,"height":580,"url":"https:\/\/www.fleischerei-erkes.de\/fleischerei\/wp-content\/uploads\/2014\/11\/fleischerei_erkes_glehn_historie_01.jpg","type":"image\/jpeg"}],"twitter_card":"summary_large_image","twitter_misc":{"Gesch\u00e4tzte Lesezeit":"3\u00a0Minuten"},"schema":{"@context":"https:\/\/schema.org","@graph":[{"@type":"WebPage","@id":"https:\/\/www.fleischerei-erkes.de\/fleischerei\/weihnachtsmenue-ausverkauft\/","url":"https:\/\/www.fleischerei-erkes.de\/fleischerei\/weihnachtsmenue-ausverkauft\/","name":"Weihnachtsmenue ausverkauft - Fleischerei Erkes - Glehns geschmackvolle Adresse","isPartOf":{"@id":"https:\/\/www.fleischerei-erkes.de\/fleischerei\/#website"},"datePublished":"2022-12-10T09:08:34+00:00","dateModified":"2025-12-12T20:26:18+00:00","breadcrumb":{"@id":"https:\/\/www.fleischerei-erkes.de\/fleischerei\/weihnachtsmenue-ausverkauft\/#breadcrumb"},"inLanguage":"de","potentialAction":[{"@type":"ReadAction","target":["https:\/\/www.fleischerei-erkes.de\/fleischerei\/weihnachtsmenue-ausverkauft\/"]}]},{"@type":"BreadcrumbList","@id":"https:\/\/www.fleischerei-erkes.de\/fleischerei\/weihnachtsmenue-ausverkauft\/#breadcrumb","itemListElement":[{"@type":"ListItem","position":1,"name":"Startseite","item":"https:\/\/www.fleischerei-erkes.de\/fleischerei\/fleischerei-erkes-glehns-geschmackvolle-adresse\/"},{"@type":"ListItem","position":2,"name":"Weihnachtsmenue ausverkauft"}]},{"@type":"WebSite","@id":"https:\/\/www.fleischerei-erkes.de\/fleischerei\/#website","url":"https:\/\/www.fleischerei-erkes.de\/fleischerei\/","name":"Fleischerei Erkes - Glehns geschmackvolle Adresse","description":"Glehns geschmackvolle Adresse","publisher":{"@id":"https:\/\/www.fleischerei-erkes.de\/fleischerei\/#organization"},"alternateName":"Erkes. Der Metzger in Glehn","potentialAction":[{"@type":"SearchAction","target":{"@type":"EntryPoint","urlTemplate":"https:\/\/www.fleischerei-erkes.de\/fleischerei\/?s={search_term_string}"},"query-input":{"@type":"PropertyValueSpecification","valueRequired":true,"valueName":"search_term_string"}}],"inLanguage":"de"},{"@type":"Organization","@id":"https:\/\/www.fleischerei-erkes.de\/fleischerei\/#organization","name":"Fleischerei Erkes - Glehns geschmackvolle Adresse","alternateName":"Fleischerei Erkes - Glehn","url":"https:\/\/www.fleischerei-erkes.de\/fleischerei\/","logo":{"@type":"ImageObject","inLanguage":"de","@id":"https:\/\/www.fleischerei-erkes.de\/fleischerei\/#\/schema\/logo\/image\/","url":"https:\/\/www.fleischerei-erkes.de\/fleischerei\/wp-content\/uploads\/2022\/07\/Fleischerei-Erkes-Glehn_Logo_grau-1.png","contentUrl":"https:\/\/www.fleischerei-erkes.de\/fleischerei\/wp-content\/uploads\/2022\/07\/Fleischerei-Erkes-Glehn_Logo_grau-1.png","width":1000,"height":166,"caption":"Fleischerei Erkes - Glehns geschmackvolle Adresse"},"image":{"@id":"https:\/\/www.fleischerei-erkes.de\/fleischerei\/#\/schema\/logo\/image\/"},"sameAs":["https:\/\/www.facebook.com\/Fleischerei-Erkes-Glehns-geschmackvolle-Adresse-101238474861935"]}]}},"_links":{"self":[{"href":"https:\/\/www.fleischerei-erkes.de\/fleischerei\/wp-json\/wp\/v2\/pages\/2897","targetHints":{"allow":["GET"]}}],"collection":[{"href":"https:\/\/www.fleischerei-erkes.de\/fleischerei\/wp-json\/wp\/v2\/pages"}],"about":[{"href":"https:\/\/www.fleischerei-erkes.de\/fleischerei\/wp-json\/wp\/v2\/types\/page"}],"author":[{"embeddable":true,"href":"https:\/\/www.fleischerei-erkes.de\/fleischerei\/wp-json\/wp\/v2\/users\/1"}],"replies":[{"embeddable":true,"href":"https:\/\/www.fleischerei-erkes.de\/fleischerei\/wp-json\/wp\/v2\/comments?post=2897"}],"version-history":[{"count":18,"href":"https:\/\/www.fleischerei-erkes.de\/fleischerei\/wp-json\/wp\/v2\/pages\/2897\/revisions"}],"predecessor-version":[{"id":5465,"href":"https:\/\/www.fleischerei-erkes.de\/fleischerei\/wp-json\/wp\/v2\/pages\/2897\/revisions\/5465"}],"wp:attachment":[{"href":"https:\/\/www.fleischerei-erkes.de\/fleischerei\/wp-json\/wp\/v2\/media?parent=2897"}],"curies":[{"name":"wp","href":"https:\/\/api.w.org\/{rel}","templated":true}]}}