{"id":2623,"date":"2022-11-17T09:49:16","date_gmt":"2022-11-17T07:49:16","guid":{"rendered":"https:\/\/www.fleischerei-erkes.de\/?page_id=2623"},"modified":"2025-11-17T15:16:15","modified_gmt":"2025-11-17T13:16:15","slug":"agb","status":"publish","type":"page","link":"https:\/\/www.fleischerei-erkes.de\/fleischerei\/agb\/","title":{"rendered":"AGB"},"content":{"rendered":"<section  class='av_textblock_section av-lakrublu-19e54717cf11ac00c7f7648c5b170a67'  itemscope=\"itemscope\" itemtype=\"https:\/\/schema.org\/CreativeWork\" ><div class='avia_textblock'  itemprop=\"text\" ><div id=\"tab-205111-0\" class=\"tab-pane active m-b\" role=\"tabpanel\">\n<div class=\"m-image-text\">\n<h1 class=\"h3\">Allgemeine Gesch\u00e4ftsbedingungen Webshop<b> <\/b><\/h1>\n<p>(Stand: Juni 2022)<\/p>\n<ul class=\"m-bulletpoint\">\n<li><b>Geltungsbereich<\/b><\/li>\n<li><b>Vertragspartner<\/b><\/li>\n<li><b>Vertragsschluss<\/b><\/li>\n<li><b>Widerrufsrecht<\/b><\/li>\n<li><b>Preise und Versandkosten<\/b><\/li>\n<li><b>Lieferung<\/b><\/li>\n<li><b>Zahlung<\/b><\/li>\n<li><b>Eigentumsvorbehalt<\/b><\/li>\n<li><b>Streitbeilegung<\/b><\/li>\n<\/ul>\n<h2 class=\"h3\"><b> <\/b>Allgemeine Gesch\u00e4ftsbedingungen<\/h2>\n<ul class=\"m-bulletpoint\">\n<li><b>Geltungsbereich<br \/><\/b>F\u00fcr alle Lieferungen von Fleischerei Erkes GmbH (nachfolgend Shop) an Verbraucher gelten diese Allgemeinen Gesch\u00e4ftsbedingungen (AGB).<br \/>Verbraucher ist jede nat\u00fcrliche Person, die ein Rechtsgesch\u00e4ft zu einem Zwecke abschlie\u00dft, der \u00fcberwiegend weder ihrer gewerblichen noch ihrer selbstst\u00e4ndigen beruflichen T\u00e4tigkeit zugerechnet werden kann.<\/li>\n<li><b>Vertragspartner<br \/><\/b>Der Kaufvertrag kommt zustande mit Shop , Inhaber: Fleischerei Erkes, Hauptstr.68, 41352 Korschenbroich-Glehn, Handelsregister: Gerichtsstand Neuss | HRB 10206.<\/li>\n<li><b>Vertragsschluss<\/b>\n<ul>\n<li>Die Darstellung der Produkte im Online-Shop stellt kein rechtlich bindendes Angebot, sondern nur eine Aufforderung zur Bestellung dar.<\/li>\n<li>Durch Anklicken des Buttons [Kaufen\/Kasse\/kostenpflichtig bestellen] geben Sie eine verbindliche Bestellung der auf der Bestellseite aufgelisteten Waren ab. Ihr Kaufvertrag kommt zustande, wenn wir Ihre Bestellung durch eine Auftragsbest\u00e4tigung per E-Mail unmittelbar nach dem Erhalt Ihrer Bestellung annehmen.<\/li>\n<\/ul>\n<\/li>\n<li><b>Widerrufsrecht<\/b>\n<ul>\n<li>Wenn Sie Verbraucher sind (also eine nat\u00fcrliche Person, die die Bestellung zu einem Zweck abgibt, der weder Ihrer gewerblichen oder selbst\u00e4ndigen beruflichen T\u00e4tigkeit zugerechnet werden kann), steht Ihnen nach Ma\u00dfgabe der gesetzlichen Bestimmungen ein Widerrufsrecht zu.<\/li>\n<li>Machen Sie als Verbraucher von Ihrem Widerrufsrecht nach Ziffer 4.1 Gebrauch, so haben Sie die regelm\u00e4\u00dfigen Kosten der R\u00fccksendung zu tragen.<\/li>\n<li>Im \u00dcbrigen gelten f\u00fcr das Widerrufsrecht die Regelungen, die im Einzelnen im Bereich Widerruf wiedergegeben sind.<\/li>\n<\/ul>\n<\/li>\n<\/ul>\n<div class=\"flex_cell av-61ymh7-815d45c6ba165ea7c2e34f2fed6a5fbf av-gridrow-cell av_one_half no_margin avia-builder-el-2 el_after_av_cell_one_fourth el_before_av_cell_one_fourth \">\n<div class=\"flex_cell_inner\">\n<section class=\"av_textblock_section av-fkj3f-fbc2dc0c8a9f7811274b4374b312794f\">\n<div class=\"avia_textblock\">\n<h2>\u00a7 4 Widerrufsrecht f\u00fcr Verbraucher<\/h2>\n<p>Das folgende Widerrufsrecht besteht nur f\u00fcr Verbraucher im Fernabsatz:<\/p>\n<h2><strong>1. Widerrufsbelehrung<\/strong><\/h2>\n<p>Widerrufsrecht<\/p>\n<p>Sie haben das Recht, binnen vierzehn Tagen ohne Angabe von Gr\u00fcnden diesen Vertrag zu widerrufen.<\/p>\n<p>Die Widerrufsfrist betr\u00e4gt vierzehn Tage ab dem Tag, an dem Sie oder ein von Ihnen benannter Dritter, der nicht der Bef\u00f6rderer ist, die Waren in Besitz genommen haben bzw. hat.<\/p>\n<p>Um Ihr Widerrufsrecht auszu\u00fcben, m\u00fcssen Sie uns<\/p>\n<p>Fleischerei Erkes GmbH<br \/>Udo Erkes<br \/>Hauptstr.68<br \/>41352 Korschenbroich-Glehn<\/p>\n<p>Tel.: 02182-4347<br \/>Fax: 02182-58146<br \/>e-Mail: <a href=\"mailto:info@fleischerei-erkes.de\">info@fleischerei-erkes.de<\/a><\/p>\n<p>mittels einer eindeutigen Erkl\u00e4rung (z. B. ein mit der Post versandter Brief oder E-Mail) \u00fcber Ihren Entschluss, diesen Vertrag zu widerrufen, informieren. Sie k\u00f6nnen daf\u00fcr das beigef\u00fcgte Muster-Widerrufsformular verwenden, das jedoch nicht vorgeschrieben ist.<\/p>\n<p>Zur Wahrung der Widerrufsfrist reicht es aus, dass Sie die Mitteilung \u00fcber die Aus\u00fcbung des Widerrufsrechts vor Ablauf der Widerrufsfrist absenden.<\/p>\n<p>Folgen des WiderrufsWenn Sie diesen Vertrag widerrufen, haben wir Ihnen alle Zahlungen, die wir von Ihnen erhalten haben, einschlie\u00dflich der Lieferkosten (mit Ausnahme der zus\u00e4tzlichen Kosten, die sich daraus ergeben, dass Sie eine andere Art der Lieferung als die von uns angebotene, g\u00fcnstigste Standardlieferung gew\u00e4hlt haben), unverz\u00fcglich und sp\u00e4testens binnen vierzehn Tagen ab dem Tag zur\u00fcckzuzahlen, an dem die Mitteilung \u00fcber Ihren Widerruf dieses Vertrags bei uns eingegangen ist. F\u00fcr diese R\u00fcckzahlung verwenden wir dasselbe Zahlungsmittel, das Sie bei der urspr\u00fcnglichen Transaktion eingesetzt haben, es sei denn, mit Ihnen wurde ausdr\u00fccklich etwas anderes vereinbart; in keinem Fall werden Ihnen wegen dieser R\u00fcckzahlung Entgelte berechnet. Wir k\u00f6nnen die R\u00fcckzahlung verweigern, bis wir die Waren wieder zur\u00fcckerhalten haben oder bis Sie den Nachweis erbracht haben, dass Sie die Waren zur\u00fcckgesandt haben, je nachdem, welches der fr\u00fchere Zeitpunkt ist.<\/p>\n<p>Sie haben die Waren unverz\u00fcglich und in jedem Fall sp\u00e4testens binnen vierzehn Tagen ab dem Tag, an dem Sie uns \u00fcber den Widerruf dieses Vertrags unterrichten, an uns zur\u00fcckzusenden oder zu \u00fcbergeben. Die Frist ist gewahrt, wenn Sie die Waren vor Ablauf der Frist von vierzehn Tagen absenden. Sie tragen die unmittelbaren Kosten der R\u00fccksendung der Waren.<\/p>\n<p>Sie m\u00fcssen f\u00fcr einen etwaigen Wertverlust der Waren nur aufkommen, wenn dieser Wertverlust auf einen zur Pr\u00fcfung der Beschaffenheit, Eigenschaften und Funktionsweise der Waren nicht notwendigen Umgang mit ihnen zur\u00fcckzuf\u00fchren ist.<\/p>\n<p><strong>2. Ausschluss des Widerrufsrechts<\/strong><\/p>\n<p>Das Widerrufsrecht besteht nicht bei folgenden Vertr\u00e4gen:<\/p>\n<ul>\n<li>Vertr\u00e4ge zur Lieferung von Waren, die nicht vorgefertigt sind und f\u00fcr deren Herstellung eine individuelle Auswahl oder Bestimmung durch den Verbraucher ma\u00dfgeblich ist oder die eindeutig auf die pers\u00f6nlichen Bed\u00fcrfnisse des Verbrauchers zugeschnitten sind,<\/li>\n<li>Vertr\u00e4ge zur Lieferung von Waren, die schnell verderben k\u00f6nnen oder deren Verfallsdatum schnell \u00fcberschritten w\u00fcrde,<\/li>\n<li>Vertr\u00e4ge zur Lieferung versiegelter Waren, die aus Gr\u00fcnden des Gesundheitsschutzes oder der Hygiene nicht zur R\u00fcckgabe geeignet sind, wenn ihre Versiegelung nach der Lieferung entfernt wurde,<\/li>\n<li>Vertr\u00e4ge zur Lieferung von Waren, wenn diese nach der Lieferung auf Grund ihrer Beschaffenheit untrennbar mit anderen G\u00fctern vermischt wurden.<\/li>\n<\/ul>\n<h1>\u00a0<\/h1>\n<\/div>\n<\/section>\n<\/div>\n<\/div>\n<ul class=\"m-bulletpoint\">\n<li><b>Preise und Versandkosten<\/b>\n<ul>\n<li>Die auf den Produktseiten genannten Preise enthalten die gesetzliche Mehrwertsteuer und sonstige Preisbestandteile.<\/li>\n<li>Zus\u00e4tzlich zu den angegebenen Preisen berechnen wir f\u00fcr die Lieferung innerhalb Deutschlands Versandkosten pro Bestellung. Die Versandkosten werden Ihnen auf den Produktseiten, im Warenkorbsystem und auf der Bestellseite nochmals deutlich mitgeteilt.<\/li>\n<\/ul>\n<\/li>\n<li><b>Lieferung<\/b>\n<ul>\n<li>Die Lieferung erfolgt nur innerhalb Deutschlands.<\/li>\n<li>Die Lieferzeit betr\u00e4gt bis zu 3 Tage. Auf eventuell abweichende Lieferzeiten weisen wir auf der jeweiligen Produktseite hin.<\/li>\n<\/ul>\n<\/li>\n<\/ul>\n<ul class=\"m-bulletpoint\">\n<li><b>Zahlung <\/b>\n<ul>\n<li>Die Zahlung erfolgt bei Abholung im Laden.<\/li>\n<\/ul>\n<\/li>\n<\/ul>\n<ul class=\"m-bulletpoint\">\n<li><b>Eigentumsvorbehalt<\/b>\n<ul>\n<li>Bis zur vollst\u00e4ndigen Zahlung bleibt die Ware unser Eigentum.<\/li>\n<\/ul>\n<\/li>\n<\/ul>\n<ul class=\"m-bulletpoint\">\n<li><b>Streitbeilegung<\/b>\n<ul>\n<li>Zur Teilnahme an einem Streitbeilegungsverfahren vor einer Verbraucherschlichtungsstelle sind wir weder bereit noch verpflichtet.<\/li>\n<\/ul>\n<\/li>\n<\/ul>\n<\/div>\n<\/div>\n<\/div><\/section>\n","protected":false},"excerpt":{"rendered":"","protected":false},"author":1,"featured_media":0,"parent":0,"menu_order":0,"comment_status":"closed","ping_status":"closed","template":"","meta":{"footnotes":""},"class_list":["post-2623","page","type-page","status-publish","hentry"],"yoast_head":"<!-- This site is optimized with the Yoast SEO plugin v27.4 - https:\/\/yoast.com\/product\/yoast-seo-wordpress\/ -->\n<title>AGB - Fleischerei Erkes - Glehns geschmackvolle Adresse<\/title>\n<meta name=\"robots\" content=\"index, follow, max-snippet:-1, max-image-preview:large, max-video-preview:-1\" \/>\n<link rel=\"canonical\" href=\"https:\/\/www.fleischerei-erkes.de\/fleischerei\/agb\/\" \/>\n<meta property=\"og:locale\" content=\"de_DE\" \/>\n<meta property=\"og:type\" content=\"article\" \/>\n<meta property=\"og:title\" content=\"AGB - Fleischerei Erkes - Glehns geschmackvolle Adresse\" \/>\n<meta property=\"og:url\" content=\"https:\/\/www.fleischerei-erkes.de\/fleischerei\/agb\/\" \/>\n<meta property=\"og:site_name\" content=\"Fleischerei Erkes - Glehns geschmackvolle Adresse\" \/>\n<meta property=\"article:publisher\" content=\"https:\/\/www.facebook.com\/Fleischerei-Erkes-Glehns-geschmackvolle-Adresse-101238474861935\" \/>\n<meta property=\"article:modified_time\" content=\"2025-11-17T13:16:15+00:00\" \/>\n<meta property=\"og:image\" content=\"https:\/\/www.fleischerei-erkes.de\/fleischerei\/wp-content\/uploads\/2014\/11\/fleischerei_erkes_glehn_historie_01.jpg\" \/>\n\t<meta property=\"og:image:width\" content=\"1920\" \/>\n\t<meta property=\"og:image:height\" content=\"580\" \/>\n\t<meta property=\"og:image:type\" content=\"image\/jpeg\" \/>\n<meta name=\"twitter:card\" content=\"summary_large_image\" \/>\n<meta name=\"twitter:label1\" content=\"Gesch\u00e4tzte Lesezeit\" \/>\n\t<meta name=\"twitter:data1\" content=\"5\u00a0Minuten\" \/>\n<script type=\"application\/ld+json\" class=\"yoast-schema-graph\">{\"@context\":\"https:\\\/\\\/schema.org\",\"@graph\":[{\"@type\":\"WebPage\",\"@id\":\"https:\\\/\\\/www.fleischerei-erkes.de\\\/fleischerei\\\/agb\\\/\",\"url\":\"https:\\\/\\\/www.fleischerei-erkes.de\\\/fleischerei\\\/agb\\\/\",\"name\":\"AGB - Fleischerei Erkes - Glehns geschmackvolle Adresse\",\"isPartOf\":{\"@id\":\"https:\\\/\\\/www.fleischerei-erkes.de\\\/fleischerei\\\/#website\"},\"datePublished\":\"2022-11-17T07:49:16+00:00\",\"dateModified\":\"2025-11-17T13:16:15+00:00\",\"breadcrumb\":{\"@id\":\"https:\\\/\\\/www.fleischerei-erkes.de\\\/fleischerei\\\/agb\\\/#breadcrumb\"},\"inLanguage\":\"de\",\"potentialAction\":[{\"@type\":\"ReadAction\",\"target\":[\"https:\\\/\\\/www.fleischerei-erkes.de\\\/fleischerei\\\/agb\\\/\"]}]},{\"@type\":\"BreadcrumbList\",\"@id\":\"https:\\\/\\\/www.fleischerei-erkes.de\\\/fleischerei\\\/agb\\\/#breadcrumb\",\"itemListElement\":[{\"@type\":\"ListItem\",\"position\":1,\"name\":\"Startseite\",\"item\":\"https:\\\/\\\/www.fleischerei-erkes.de\\\/fleischerei\\\/fleischerei-erkes-glehns-geschmackvolle-adresse\\\/\"},{\"@type\":\"ListItem\",\"position\":2,\"name\":\"AGB\"}]},{\"@type\":\"WebSite\",\"@id\":\"https:\\\/\\\/www.fleischerei-erkes.de\\\/fleischerei\\\/#website\",\"url\":\"https:\\\/\\\/www.fleischerei-erkes.de\\\/fleischerei\\\/\",\"name\":\"Fleischerei Erkes - Glehns geschmackvolle Adresse\",\"description\":\"Glehns geschmackvolle Adresse\",\"publisher\":{\"@id\":\"https:\\\/\\\/www.fleischerei-erkes.de\\\/fleischerei\\\/#organization\"},\"alternateName\":\"Erkes. Der Metzger in Glehn\",\"potentialAction\":[{\"@type\":\"SearchAction\",\"target\":{\"@type\":\"EntryPoint\",\"urlTemplate\":\"https:\\\/\\\/www.fleischerei-erkes.de\\\/fleischerei\\\/?s={search_term_string}\"},\"query-input\":{\"@type\":\"PropertyValueSpecification\",\"valueRequired\":true,\"valueName\":\"search_term_string\"}}],\"inLanguage\":\"de\"},{\"@type\":\"Organization\",\"@id\":\"https:\\\/\\\/www.fleischerei-erkes.de\\\/fleischerei\\\/#organization\",\"name\":\"Fleischerei Erkes - Glehns geschmackvolle Adresse\",\"alternateName\":\"Fleischerei Erkes - Glehn\",\"url\":\"https:\\\/\\\/www.fleischerei-erkes.de\\\/fleischerei\\\/\",\"logo\":{\"@type\":\"ImageObject\",\"inLanguage\":\"de\",\"@id\":\"https:\\\/\\\/www.fleischerei-erkes.de\\\/fleischerei\\\/#\\\/schema\\\/logo\\\/image\\\/\",\"url\":\"https:\\\/\\\/www.fleischerei-erkes.de\\\/fleischerei\\\/wp-content\\\/uploads\\\/2022\\\/07\\\/Fleischerei-Erkes-Glehn_Logo_grau-1.png\",\"contentUrl\":\"https:\\\/\\\/www.fleischerei-erkes.de\\\/fleischerei\\\/wp-content\\\/uploads\\\/2022\\\/07\\\/Fleischerei-Erkes-Glehn_Logo_grau-1.png\",\"width\":1000,\"height\":166,\"caption\":\"Fleischerei Erkes - Glehns geschmackvolle Adresse\"},\"image\":{\"@id\":\"https:\\\/\\\/www.fleischerei-erkes.de\\\/fleischerei\\\/#\\\/schema\\\/logo\\\/image\\\/\"},\"sameAs\":[\"https:\\\/\\\/www.facebook.com\\\/Fleischerei-Erkes-Glehns-geschmackvolle-Adresse-101238474861935\"]}]}<\/script>\n<!-- \/ Yoast SEO plugin. -->","yoast_head_json":{"title":"AGB - Fleischerei Erkes - Glehns geschmackvolle Adresse","robots":{"index":"index","follow":"follow","max-snippet":"max-snippet:-1","max-image-preview":"max-image-preview:large","max-video-preview":"max-video-preview:-1"},"canonical":"https:\/\/www.fleischerei-erkes.de\/fleischerei\/agb\/","og_locale":"de_DE","og_type":"article","og_title":"AGB - Fleischerei Erkes - Glehns geschmackvolle Adresse","og_url":"https:\/\/www.fleischerei-erkes.de\/fleischerei\/agb\/","og_site_name":"Fleischerei Erkes - Glehns geschmackvolle Adresse","article_publisher":"https:\/\/www.facebook.com\/Fleischerei-Erkes-Glehns-geschmackvolle-Adresse-101238474861935","article_modified_time":"2025-11-17T13:16:15+00:00","og_image":[{"width":1920,"height":580,"url":"https:\/\/www.fleischerei-erkes.de\/fleischerei\/wp-content\/uploads\/2014\/11\/fleischerei_erkes_glehn_historie_01.jpg","type":"image\/jpeg"}],"twitter_card":"summary_large_image","twitter_misc":{"Gesch\u00e4tzte Lesezeit":"5\u00a0Minuten"},"schema":{"@context":"https:\/\/schema.org","@graph":[{"@type":"WebPage","@id":"https:\/\/www.fleischerei-erkes.de\/fleischerei\/agb\/","url":"https:\/\/www.fleischerei-erkes.de\/fleischerei\/agb\/","name":"AGB - Fleischerei Erkes - Glehns geschmackvolle Adresse","isPartOf":{"@id":"https:\/\/www.fleischerei-erkes.de\/fleischerei\/#website"},"datePublished":"2022-11-17T07:49:16+00:00","dateModified":"2025-11-17T13:16:15+00:00","breadcrumb":{"@id":"https:\/\/www.fleischerei-erkes.de\/fleischerei\/agb\/#breadcrumb"},"inLanguage":"de","potentialAction":[{"@type":"ReadAction","target":["https:\/\/www.fleischerei-erkes.de\/fleischerei\/agb\/"]}]},{"@type":"BreadcrumbList","@id":"https:\/\/www.fleischerei-erkes.de\/fleischerei\/agb\/#breadcrumb","itemListElement":[{"@type":"ListItem","position":1,"name":"Startseite","item":"https:\/\/www.fleischerei-erkes.de\/fleischerei\/fleischerei-erkes-glehns-geschmackvolle-adresse\/"},{"@type":"ListItem","position":2,"name":"AGB"}]},{"@type":"WebSite","@id":"https:\/\/www.fleischerei-erkes.de\/fleischerei\/#website","url":"https:\/\/www.fleischerei-erkes.de\/fleischerei\/","name":"Fleischerei Erkes - Glehns geschmackvolle Adresse","description":"Glehns geschmackvolle Adresse","publisher":{"@id":"https:\/\/www.fleischerei-erkes.de\/fleischerei\/#organization"},"alternateName":"Erkes. Der Metzger in Glehn","potentialAction":[{"@type":"SearchAction","target":{"@type":"EntryPoint","urlTemplate":"https:\/\/www.fleischerei-erkes.de\/fleischerei\/?s={search_term_string}"},"query-input":{"@type":"PropertyValueSpecification","valueRequired":true,"valueName":"search_term_string"}}],"inLanguage":"de"},{"@type":"Organization","@id":"https:\/\/www.fleischerei-erkes.de\/fleischerei\/#organization","name":"Fleischerei Erkes - Glehns geschmackvolle Adresse","alternateName":"Fleischerei Erkes - Glehn","url":"https:\/\/www.fleischerei-erkes.de\/fleischerei\/","logo":{"@type":"ImageObject","inLanguage":"de","@id":"https:\/\/www.fleischerei-erkes.de\/fleischerei\/#\/schema\/logo\/image\/","url":"https:\/\/www.fleischerei-erkes.de\/fleischerei\/wp-content\/uploads\/2022\/07\/Fleischerei-Erkes-Glehn_Logo_grau-1.png","contentUrl":"https:\/\/www.fleischerei-erkes.de\/fleischerei\/wp-content\/uploads\/2022\/07\/Fleischerei-Erkes-Glehn_Logo_grau-1.png","width":1000,"height":166,"caption":"Fleischerei Erkes - Glehns geschmackvolle Adresse"},"image":{"@id":"https:\/\/www.fleischerei-erkes.de\/fleischerei\/#\/schema\/logo\/image\/"},"sameAs":["https:\/\/www.facebook.com\/Fleischerei-Erkes-Glehns-geschmackvolle-Adresse-101238474861935"]}]}},"_links":{"self":[{"href":"https:\/\/www.fleischerei-erkes.de\/fleischerei\/wp-json\/wp\/v2\/pages\/2623","targetHints":{"allow":["GET"]}}],"collection":[{"href":"https:\/\/www.fleischerei-erkes.de\/fleischerei\/wp-json\/wp\/v2\/pages"}],"about":[{"href":"https:\/\/www.fleischerei-erkes.de\/fleischerei\/wp-json\/wp\/v2\/types\/page"}],"author":[{"embeddable":true,"href":"https:\/\/www.fleischerei-erkes.de\/fleischerei\/wp-json\/wp\/v2\/users\/1"}],"replies":[{"embeddable":true,"href":"https:\/\/www.fleischerei-erkes.de\/fleischerei\/wp-json\/wp\/v2\/comments?post=2623"}],"version-history":[{"count":4,"href":"https:\/\/www.fleischerei-erkes.de\/fleischerei\/wp-json\/wp\/v2\/pages\/2623\/revisions"}],"predecessor-version":[{"id":5051,"href":"https:\/\/www.fleischerei-erkes.de\/fleischerei\/wp-json\/wp\/v2\/pages\/2623\/revisions\/5051"}],"wp:attachment":[{"href":"https:\/\/www.fleischerei-erkes.de\/fleischerei\/wp-json\/wp\/v2\/media?parent=2623"}],"curies":[{"name":"wp","href":"https:\/\/api.w.org\/{rel}","templated":true}]}}