{"id":2428,"date":"2022-10-27T21:38:55","date_gmt":"2022-10-27T19:38:55","guid":{"rendered":"https:\/\/www.fleischerei-erkes.de\/versandarten\/"},"modified":"2023-03-09T11:32:07","modified_gmt":"2023-03-09T09:32:07","slug":"versandarten","status":"publish","type":"page","link":"https:\/\/www.fleischerei-erkes.de\/fleischerei\/versandarten\/","title":{"rendered":"Versandarten"},"content":{"rendered":"<section  class='av_textblock_section av-lagqd81x-acbebb9db467edfc57422d5ed36df3de'  itemscope=\"itemscope\" itemtype=\"https:\/\/schema.org\/CreativeWork\" ><div class='avia_textblock'  itemprop=\"text\" ><p><strong><span style=\"color: #800000;\">Sie holen Ihr Men\u00fc bei uns ab.<\/span> Am 8.4.2023 von <\/strong><strong>8.00 \u2013 13.00 Uhr stehen die k\u00fcchenfertigen Gerichte in unserem Gesch\u00e4ft und auf dem Hof (in Glehn) f\u00fcr Sie bereit. Daher bieten wir hier keine Versandart oder Versandkosten an. Wir freuen uns auf Ihren Besuch in Glehn.<br \/>\n<\/strong><\/p>\n<div class=\"container av-section-cont-open\">\n<div class=\"template-page content av-content-full alpha units\">\n<div class=\"post-entry post-entry-type-page post-entry-2385\">\n<div class=\"entry-content-wrapper clearfix\"><\/div>\n<\/div>\n<\/div>\n<\/div>\n<\/div><\/section>\n","protected":false},"excerpt":{"rendered":"","protected":false},"author":1,"featured_media":0,"parent":0,"menu_order":0,"comment_status":"closed","ping_status":"closed","template":"","meta":{"footnotes":""},"class_list":["post-2428","page","type-page","status-publish","hentry"],"yoast_head":"<!-- This site is optimized with the Yoast SEO plugin v27.6 - https:\/\/yoast.com\/product\/yoast-seo-wordpress\/ -->\n<title>Versandarten - Fleischerei Erkes - Glehns geschmackvolle Adresse<\/title>\n<meta name=\"robots\" content=\"index, follow, max-snippet:-1, max-image-preview:large, max-video-preview:-1\" \/>\n<link rel=\"canonical\" href=\"https:\/\/www.fleischerei-erkes.de\/fleischerei\/versandarten\/\" \/>\n<meta property=\"og:locale\" content=\"de_DE\" \/>\n<meta property=\"og:type\" content=\"article\" \/>\n<meta property=\"og:title\" content=\"Versandarten - Fleischerei Erkes - Glehns geschmackvolle Adresse\" \/>\n<meta property=\"og:url\" content=\"https:\/\/www.fleischerei-erkes.de\/fleischerei\/versandarten\/\" \/>\n<meta property=\"og:site_name\" content=\"Fleischerei Erkes - Glehns geschmackvolle Adresse\" \/>\n<meta property=\"article:publisher\" content=\"https:\/\/www.facebook.com\/Fleischerei-Erkes-Glehns-geschmackvolle-Adresse-101238474861935\" \/>\n<meta property=\"article:modified_time\" content=\"2023-03-09T09:32:07+00:00\" \/>\n<meta property=\"og:image\" content=\"https:\/\/www.fleischerei-erkes.de\/fleischerei\/wp-content\/uploads\/2014\/11\/fleischerei_erkes_glehn_historie_01.jpg\" \/>\n\t<meta property=\"og:image:width\" content=\"1920\" \/>\n\t<meta property=\"og:image:height\" content=\"580\" \/>\n\t<meta property=\"og:image:type\" content=\"image\/jpeg\" \/>\n<meta name=\"twitter:card\" content=\"summary_large_image\" \/>\n<meta name=\"twitter:label1\" content=\"Gesch\u00e4tzte Lesezeit\" \/>\n\t<meta name=\"twitter:data1\" content=\"1\u00a0Minute\" \/>\n<script type=\"application\/ld+json\" class=\"yoast-schema-graph\">{\"@context\":\"https:\\\/\\\/schema.org\",\"@graph\":[{\"@type\":\"WebPage\",\"@id\":\"https:\\\/\\\/www.fleischerei-erkes.de\\\/fleischerei\\\/versandarten\\\/\",\"url\":\"https:\\\/\\\/www.fleischerei-erkes.de\\\/fleischerei\\\/versandarten\\\/\",\"name\":\"Versandarten - Fleischerei Erkes - Glehns geschmackvolle Adresse\",\"isPartOf\":{\"@id\":\"https:\\\/\\\/www.fleischerei-erkes.de\\\/fleischerei\\\/#website\"},\"datePublished\":\"2022-10-27T19:38:55+00:00\",\"dateModified\":\"2023-03-09T09:32:07+00:00\",\"breadcrumb\":{\"@id\":\"https:\\\/\\\/www.fleischerei-erkes.de\\\/fleischerei\\\/versandarten\\\/#breadcrumb\"},\"inLanguage\":\"de\",\"potentialAction\":[{\"@type\":\"ReadAction\",\"target\":[\"https:\\\/\\\/www.fleischerei-erkes.de\\\/fleischerei\\\/versandarten\\\/\"]}]},{\"@type\":\"BreadcrumbList\",\"@id\":\"https:\\\/\\\/www.fleischerei-erkes.de\\\/fleischerei\\\/versandarten\\\/#breadcrumb\",\"itemListElement\":[{\"@type\":\"ListItem\",\"position\":1,\"name\":\"Startseite\",\"item\":\"https:\\\/\\\/www.fleischerei-erkes.de\\\/fleischerei\\\/fleischerei-erkes-glehns-geschmackvolle-adresse\\\/\"},{\"@type\":\"ListItem\",\"position\":2,\"name\":\"Versandarten\"}]},{\"@type\":\"WebSite\",\"@id\":\"https:\\\/\\\/www.fleischerei-erkes.de\\\/fleischerei\\\/#website\",\"url\":\"https:\\\/\\\/www.fleischerei-erkes.de\\\/fleischerei\\\/\",\"name\":\"Fleischerei Erkes - Glehns geschmackvolle Adresse\",\"description\":\"Glehns geschmackvolle Adresse\",\"publisher\":{\"@id\":\"https:\\\/\\\/www.fleischerei-erkes.de\\\/fleischerei\\\/#organization\"},\"alternateName\":\"Erkes. Der Metzger in Glehn\",\"potentialAction\":[{\"@type\":\"SearchAction\",\"target\":{\"@type\":\"EntryPoint\",\"urlTemplate\":\"https:\\\/\\\/www.fleischerei-erkes.de\\\/fleischerei\\\/?s={search_term_string}\"},\"query-input\":{\"@type\":\"PropertyValueSpecification\",\"valueRequired\":true,\"valueName\":\"search_term_string\"}}],\"inLanguage\":\"de\"},{\"@type\":\"Organization\",\"@id\":\"https:\\\/\\\/www.fleischerei-erkes.de\\\/fleischerei\\\/#organization\",\"name\":\"Fleischerei Erkes - Glehns geschmackvolle Adresse\",\"alternateName\":\"Fleischerei Erkes - Glehn\",\"url\":\"https:\\\/\\\/www.fleischerei-erkes.de\\\/fleischerei\\\/\",\"logo\":{\"@type\":\"ImageObject\",\"inLanguage\":\"de\",\"@id\":\"https:\\\/\\\/www.fleischerei-erkes.de\\\/fleischerei\\\/#\\\/schema\\\/logo\\\/image\\\/\",\"url\":\"https:\\\/\\\/www.fleischerei-erkes.de\\\/fleischerei\\\/wp-content\\\/uploads\\\/2022\\\/07\\\/Fleischerei-Erkes-Glehn_Logo_grau-1.png\",\"contentUrl\":\"https:\\\/\\\/www.fleischerei-erkes.de\\\/fleischerei\\\/wp-content\\\/uploads\\\/2022\\\/07\\\/Fleischerei-Erkes-Glehn_Logo_grau-1.png\",\"width\":1000,\"height\":166,\"caption\":\"Fleischerei Erkes - Glehns geschmackvolle Adresse\"},\"image\":{\"@id\":\"https:\\\/\\\/www.fleischerei-erkes.de\\\/fleischerei\\\/#\\\/schema\\\/logo\\\/image\\\/\"},\"sameAs\":[\"https:\\\/\\\/www.facebook.com\\\/Fleischerei-Erkes-Glehns-geschmackvolle-Adresse-101238474861935\"]}]}<\/script>\n<!-- \/ Yoast SEO plugin. -->","yoast_head_json":{"title":"Versandarten - Fleischerei Erkes - Glehns geschmackvolle Adresse","robots":{"index":"index","follow":"follow","max-snippet":"max-snippet:-1","max-image-preview":"max-image-preview:large","max-video-preview":"max-video-preview:-1"},"canonical":"https:\/\/www.fleischerei-erkes.de\/fleischerei\/versandarten\/","og_locale":"de_DE","og_type":"article","og_title":"Versandarten - Fleischerei Erkes - Glehns geschmackvolle Adresse","og_url":"https:\/\/www.fleischerei-erkes.de\/fleischerei\/versandarten\/","og_site_name":"Fleischerei Erkes - Glehns geschmackvolle Adresse","article_publisher":"https:\/\/www.facebook.com\/Fleischerei-Erkes-Glehns-geschmackvolle-Adresse-101238474861935","article_modified_time":"2023-03-09T09:32:07+00:00","og_image":[{"width":1920,"height":580,"url":"https:\/\/www.fleischerei-erkes.de\/fleischerei\/wp-content\/uploads\/2014\/11\/fleischerei_erkes_glehn_historie_01.jpg","type":"image\/jpeg"}],"twitter_card":"summary_large_image","twitter_misc":{"Gesch\u00e4tzte Lesezeit":"1\u00a0Minute"},"schema":{"@context":"https:\/\/schema.org","@graph":[{"@type":"WebPage","@id":"https:\/\/www.fleischerei-erkes.de\/fleischerei\/versandarten\/","url":"https:\/\/www.fleischerei-erkes.de\/fleischerei\/versandarten\/","name":"Versandarten - Fleischerei Erkes - Glehns geschmackvolle Adresse","isPartOf":{"@id":"https:\/\/www.fleischerei-erkes.de\/fleischerei\/#website"},"datePublished":"2022-10-27T19:38:55+00:00","dateModified":"2023-03-09T09:32:07+00:00","breadcrumb":{"@id":"https:\/\/www.fleischerei-erkes.de\/fleischerei\/versandarten\/#breadcrumb"},"inLanguage":"de","potentialAction":[{"@type":"ReadAction","target":["https:\/\/www.fleischerei-erkes.de\/fleischerei\/versandarten\/"]}]},{"@type":"BreadcrumbList","@id":"https:\/\/www.fleischerei-erkes.de\/fleischerei\/versandarten\/#breadcrumb","itemListElement":[{"@type":"ListItem","position":1,"name":"Startseite","item":"https:\/\/www.fleischerei-erkes.de\/fleischerei\/fleischerei-erkes-glehns-geschmackvolle-adresse\/"},{"@type":"ListItem","position":2,"name":"Versandarten"}]},{"@type":"WebSite","@id":"https:\/\/www.fleischerei-erkes.de\/fleischerei\/#website","url":"https:\/\/www.fleischerei-erkes.de\/fleischerei\/","name":"Fleischerei Erkes - Glehns geschmackvolle Adresse","description":"Glehns geschmackvolle Adresse","publisher":{"@id":"https:\/\/www.fleischerei-erkes.de\/fleischerei\/#organization"},"alternateName":"Erkes. Der Metzger in Glehn","potentialAction":[{"@type":"SearchAction","target":{"@type":"EntryPoint","urlTemplate":"https:\/\/www.fleischerei-erkes.de\/fleischerei\/?s={search_term_string}"},"query-input":{"@type":"PropertyValueSpecification","valueRequired":true,"valueName":"search_term_string"}}],"inLanguage":"de"},{"@type":"Organization","@id":"https:\/\/www.fleischerei-erkes.de\/fleischerei\/#organization","name":"Fleischerei Erkes - Glehns geschmackvolle Adresse","alternateName":"Fleischerei Erkes - Glehn","url":"https:\/\/www.fleischerei-erkes.de\/fleischerei\/","logo":{"@type":"ImageObject","inLanguage":"de","@id":"https:\/\/www.fleischerei-erkes.de\/fleischerei\/#\/schema\/logo\/image\/","url":"https:\/\/www.fleischerei-erkes.de\/fleischerei\/wp-content\/uploads\/2022\/07\/Fleischerei-Erkes-Glehn_Logo_grau-1.png","contentUrl":"https:\/\/www.fleischerei-erkes.de\/fleischerei\/wp-content\/uploads\/2022\/07\/Fleischerei-Erkes-Glehn_Logo_grau-1.png","width":1000,"height":166,"caption":"Fleischerei Erkes - Glehns geschmackvolle Adresse"},"image":{"@id":"https:\/\/www.fleischerei-erkes.de\/fleischerei\/#\/schema\/logo\/image\/"},"sameAs":["https:\/\/www.facebook.com\/Fleischerei-Erkes-Glehns-geschmackvolle-Adresse-101238474861935"]}]}},"_links":{"self":[{"href":"https:\/\/www.fleischerei-erkes.de\/fleischerei\/wp-json\/wp\/v2\/pages\/2428","targetHints":{"allow":["GET"]}}],"collection":[{"href":"https:\/\/www.fleischerei-erkes.de\/fleischerei\/wp-json\/wp\/v2\/pages"}],"about":[{"href":"https:\/\/www.fleischerei-erkes.de\/fleischerei\/wp-json\/wp\/v2\/types\/page"}],"author":[{"embeddable":true,"href":"https:\/\/www.fleischerei-erkes.de\/fleischerei\/wp-json\/wp\/v2\/users\/1"}],"replies":[{"embeddable":true,"href":"https:\/\/www.fleischerei-erkes.de\/fleischerei\/wp-json\/wp\/v2\/comments?post=2428"}],"version-history":[{"count":6,"href":"https:\/\/www.fleischerei-erkes.de\/fleischerei\/wp-json\/wp\/v2\/pages\/2428\/revisions"}],"predecessor-version":[{"id":3117,"href":"https:\/\/www.fleischerei-erkes.de\/fleischerei\/wp-json\/wp\/v2\/pages\/2428\/revisions\/3117"}],"wp:attachment":[{"href":"https:\/\/www.fleischerei-erkes.de\/fleischerei\/wp-json\/wp\/v2\/media?parent=2428"}],"curies":[{"name":"wp","href":"https:\/\/api.w.org\/{rel}","templated":true}]}}