{"id":15,"date":"2014-07-17T14:05:35","date_gmt":"2014-07-17T12:05:35","guid":{"rendered":"http:\/\/www.fleischerei-erkes.de\/fleischerei\/?page_id=15"},"modified":"2024-10-22T12:21:28","modified_gmt":"2024-10-22T10:21:28","slug":"altbierwurst","status":"publish","type":"page","link":"https:\/\/www.fleischerei-erkes.de\/fleischerei\/altbierwurst\/","title":{"rendered":"Altbierwurst"},"content":{"rendered":"\n<style type=\"text\/css\" data-created_by=\"avia_inline_auto\" id=\"style-css-av-l62960q2-2516ab6d8f18a587a3f81154c00f9a8b\">\n.avia-section.av-l62960q2-2516ab6d8f18a587a3f81154c00f9a8b .av-parallax .av-parallax-inner{\nbackground-repeat:no-repeat;\nbackground-image:url(https:\/\/www.fleischerei-erkes.de\/fleischerei\/wp-content\/uploads\/2022\/07\/Fleischerei-Erkes-Glehn_altbierwurst.jpg);\nbackground-position:50% 0%;\nbackground-attachment:scroll;\n}\n<\/style>\n<div id='av_section_1'  class='avia-section av-l62960q2-2516ab6d8f18a587a3f81154c00f9a8b main_color avia-section-default avia-no-border-styling  avia-builder-el-0  avia-builder-el-no-sibling  av-parallax-section avia-bg-style-parallax av-minimum-height av-minimum-height-custom  container_wrap fullsize'  data-section-bg-repeat='no-repeat' data-av_minimum_height_px='650'><div class='av-parallax' data-avia-parallax-ratio='0.3' ><div class='av-parallax-inner main_color avia-full-stretch'><\/div><\/div><div class='container av-section-cont-open' style='height:650px'><main  role=\"main\" itemprop=\"mainContentOfPage\"  class='template-page content  av-content-full alpha units'><div class='post-entry post-entry-type-page post-entry-15'><div class='entry-content-wrapper clearfix'>\n\n<style type=\"text\/css\" data-created_by=\"avia_inline_auto\" id=\"style-css-av-l62a8bow-f187bbc267566dd928e2c6645a3cf8c4\">\n.flex_column.av-l62a8bow-f187bbc267566dd928e2c6645a3cf8c4{\npadding:0 30px 30px 0;\n}\n<\/style>\n<div class='flex_column av-l62a8bow-f187bbc267566dd928e2c6645a3cf8c4 av_three_fifth  avia-builder-el-1  el_before_av_three_fifth  avia-builder-el-first  first flex_column_div '     ><style type=\"text\/css\" data-created_by=\"avia_inline_auto\" id=\"style-css-av-l62a4vzm-40dd794879ea4c54d038140f605efd58\">\n.av_font_icon.av-l62a4vzm-40dd794879ea4c54d038140f605efd58{\ncolor:#ffffff;\nborder-color:#ffffff;\n}\n.av_font_icon.av-l62a4vzm-40dd794879ea4c54d038140f605efd58 .av-icon-char{\nfont-size:20px;\nline-height:20px;\n}\n<\/style>\n<span  class='av_font_icon av-l62a4vzm-40dd794879ea4c54d038140f605efd58 avia_animate_when_visible av-icon-style- avia-icon-pos-left avia-icon-animate'><a href='https:\/\/www.fleischerei-erkes.de\/fleischerei\/'  class='av-icon-char' aria-hidden='true' data-av_icon='\ue821' data-av_iconfont='entypo-fontello' ><\/a><\/span><\/div>\n<style type=\"text\/css\" data-created_by=\"avia_inline_auto\" id=\"style-css-av-l629nth5-a993f09d3af32081c8b7dd5e1e6fb346\">\n@-webkit-keyframes av_boxShadowEffect_av-l629nth5-a993f09d3af32081c8b7dd5e1e6fb346-column {\n0%   { box-shadow:  0 0 0 0 #4c4c4c; opacity: 1; }\n100% { box-shadow:  0 0 10px 0 #4c4c4c; opacity: 1; }\n}\n@keyframes av_boxShadowEffect_av-l629nth5-a993f09d3af32081c8b7dd5e1e6fb346-column {\n0%   { box-shadow:  0 0 0 0 #4c4c4c; opacity: 1; }\n100% { box-shadow:  0 0 10px 0 #4c4c4c; opacity: 1; }\n}\n.flex_column.av-l629nth5-a993f09d3af32081c8b7dd5e1e6fb346{\nbox-shadow: 0 0 10px 0 #4c4c4c;\npadding:20px 20px 20px 20px;\nbackground-color:#ffffff;\n}\n<\/style>\n<div class='flex_column av-l629nth5-a993f09d3af32081c8b7dd5e1e6fb346 av_three_fifth  avia-builder-el-3  el_after_av_three_fifth  el_before_av_three_fifth  first flex_column_div shadow-not-animated '     ><section  class='av_textblock_section av-l6294iz6-663593b12b5021fb3307c438de725347'  itemscope=\"itemscope\" itemtype=\"https:\/\/schema.org\/CreativeWork\" ><div class='avia_textblock'  itemprop=\"text\" ><h1><span style=\"color: #b69c5d;\">Die ALTBIERWURST \u2013 Frisch aus dem Rheinland<\/span><\/h1>\n<p style=\"text-align: left;\">Das Rheinland ist bekannt f\u00fcr seine schmackhaften Spezialit\u00e4ten. Reibekuchen, Sauerbraten und ein k\u00fchles Alt vom Fass schmecken nirgendwo sonst so gut wie hier.<\/p>\n<p style=\"text-align: left;\">In dieser Tradition steht auch unsere leckere Altbierwurst. Sorgf\u00e4ltig hergestellt in unserer Fleischerei. Aus besten regionalen Zutaten, verfeinert mit dem w\u00fcrzigen Geschmack von frischem Altbier.<\/p>\n<p style=\"text-align: left;\">Unsere Altbierwurst gibt es als Salami in Flaschenform, im Glas und als Grillwurst. Am besten gleich probieren.<\/p>\n<p style=\"text-align: left;\">Die ALTBIERWURST. Aus der Region \u2013 f\u00fcr die Region, von Ihrer Fleischerei Erkes in Glehn.<\/p>\n<\/div><\/section><\/div>\n<style type=\"text\/css\" data-created_by=\"avia_inline_auto\" id=\"style-css-av-l629ztd7-32336239f77771586639db83409ddcee\">\n.flex_column.av-l629ztd7-32336239f77771586639db83409ddcee{\npadding:30px 30px 30px 0;\n}\n<\/style>\n<div class='flex_column av-l629ztd7-32336239f77771586639db83409ddcee av_three_fifth  avia-builder-el-5  el_after_av_three_fifth  avia-builder-el-last  first flex_column_div '     ><div  class='avia-button-wrap av-l629voss-017110bd881a15a841b79d6baa17a1b0-wrap avia_animated_button av-animated-when-visible-95 fade-in avia-button-left  avia-builder-el-6  avia-builder-el-no-sibling ' >\n<style type=\"text\/css\" data-created_by=\"avia_inline_auto\" id=\"style-css-av-l629voss-017110bd881a15a841b79d6baa17a1b0\">\n#top #wrap_all .avia-button.av-l629voss-017110bd881a15a841b79d6baa17a1b0{\nbackground-color:#b69c5d;\nborder-color:#b69c5d;\ncolor:#ffffff;\nbox-shadow: 0px 0px 0px 0px ;\n-webkit-transition:all 0.4s ease-in-out;\n-moz-transition:all 0.4s ease-in-out;\n-ms-transition:all 0.4s ease-in-out;\n-o-transition:all 0.4s ease-in-out;\ntransition:all 0.4s ease-in-out;\n}\n<\/style>\n<a href='https:\/\/www.bolten-brauerei.de\/de\/Praesentkisten.htm' class='avia-button av-l629voss-017110bd881a15a841b79d6baa17a1b0 avia-icon_select-yes-left-icon avia-size-small avia-position-left' target=\"_blank\" rel=\"noopener noreferrer\"><span class='avia_button_icon avia_button_icon_left' aria-hidden='true' data-av_icon='\ue844' data-av_iconfont='entypo-fontello'><\/span><span class='avia_iconbox_title' >Entdecken Sie die Bolten Altbierwurst Pr\u00e4sentkisten<\/span><\/a><\/div><\/div>\n","protected":false},"excerpt":{"rendered":"","protected":false},"author":1,"featured_media":0,"parent":0,"menu_order":4,"comment_status":"closed","ping_status":"closed","template":"","meta":{"footnotes":""},"class_list":["post-15","page","type-page","status-publish","hentry"],"yoast_head":"<!-- This site is optimized with the Yoast SEO plugin v27.4 - https:\/\/yoast.com\/product\/yoast-seo-wordpress\/ -->\n<title>Altbierwurst - Fleischerei Erkes - Glehns geschmackvolle Adresse<\/title>\n<meta name=\"robots\" content=\"index, follow, max-snippet:-1, max-image-preview:large, max-video-preview:-1\" \/>\n<link rel=\"canonical\" href=\"https:\/\/www.fleischerei-erkes.de\/fleischerei\/altbierwurst\/\" \/>\n<meta property=\"og:locale\" content=\"de_DE\" \/>\n<meta property=\"og:type\" content=\"article\" \/>\n<meta property=\"og:title\" content=\"Altbierwurst - Fleischerei Erkes - Glehns geschmackvolle Adresse\" \/>\n<meta property=\"og:url\" content=\"https:\/\/www.fleischerei-erkes.de\/fleischerei\/altbierwurst\/\" \/>\n<meta property=\"og:site_name\" content=\"Fleischerei Erkes - Glehns geschmackvolle Adresse\" \/>\n<meta property=\"article:publisher\" content=\"https:\/\/www.facebook.com\/Fleischerei-Erkes-Glehns-geschmackvolle-Adresse-101238474861935\" \/>\n<meta property=\"article:modified_time\" content=\"2024-10-22T10:21:28+00:00\" \/>\n<meta property=\"og:image\" content=\"https:\/\/www.fleischerei-erkes.de\/fleischerei\/wp-content\/uploads\/2014\/11\/fleischerei_erkes_glehn_historie_01.jpg\" \/>\n\t<meta property=\"og:image:width\" content=\"1920\" \/>\n\t<meta property=\"og:image:height\" content=\"580\" \/>\n\t<meta property=\"og:image:type\" content=\"image\/jpeg\" \/>\n<meta name=\"twitter:card\" content=\"summary_large_image\" \/>\n<meta name=\"twitter:label1\" content=\"Gesch\u00e4tzte Lesezeit\" \/>\n\t<meta name=\"twitter:data1\" content=\"3\u00a0Minuten\" \/>\n<script type=\"application\/ld+json\" class=\"yoast-schema-graph\">{\"@context\":\"https:\\\/\\\/schema.org\",\"@graph\":[{\"@type\":\"WebPage\",\"@id\":\"https:\\\/\\\/www.fleischerei-erkes.de\\\/fleischerei\\\/altbierwurst\\\/\",\"url\":\"https:\\\/\\\/www.fleischerei-erkes.de\\\/fleischerei\\\/altbierwurst\\\/\",\"name\":\"Altbierwurst - Fleischerei Erkes - Glehns geschmackvolle Adresse\",\"isPartOf\":{\"@id\":\"https:\\\/\\\/www.fleischerei-erkes.de\\\/fleischerei\\\/#website\"},\"datePublished\":\"2014-07-17T12:05:35+00:00\",\"dateModified\":\"2024-10-22T10:21:28+00:00\",\"breadcrumb\":{\"@id\":\"https:\\\/\\\/www.fleischerei-erkes.de\\\/fleischerei\\\/altbierwurst\\\/#breadcrumb\"},\"inLanguage\":\"de\",\"potentialAction\":[{\"@type\":\"ReadAction\",\"target\":[\"https:\\\/\\\/www.fleischerei-erkes.de\\\/fleischerei\\\/altbierwurst\\\/\"]}]},{\"@type\":\"BreadcrumbList\",\"@id\":\"https:\\\/\\\/www.fleischerei-erkes.de\\\/fleischerei\\\/altbierwurst\\\/#breadcrumb\",\"itemListElement\":[{\"@type\":\"ListItem\",\"position\":1,\"name\":\"Startseite\",\"item\":\"https:\\\/\\\/www.fleischerei-erkes.de\\\/fleischerei\\\/fleischerei-erkes-glehns-geschmackvolle-adresse\\\/\"},{\"@type\":\"ListItem\",\"position\":2,\"name\":\"Altbierwurst\"}]},{\"@type\":\"WebSite\",\"@id\":\"https:\\\/\\\/www.fleischerei-erkes.de\\\/fleischerei\\\/#website\",\"url\":\"https:\\\/\\\/www.fleischerei-erkes.de\\\/fleischerei\\\/\",\"name\":\"Fleischerei Erkes - Glehns geschmackvolle Adresse\",\"description\":\"Glehns geschmackvolle Adresse\",\"publisher\":{\"@id\":\"https:\\\/\\\/www.fleischerei-erkes.de\\\/fleischerei\\\/#organization\"},\"alternateName\":\"Erkes. Der Metzger in Glehn\",\"potentialAction\":[{\"@type\":\"SearchAction\",\"target\":{\"@type\":\"EntryPoint\",\"urlTemplate\":\"https:\\\/\\\/www.fleischerei-erkes.de\\\/fleischerei\\\/?s={search_term_string}\"},\"query-input\":{\"@type\":\"PropertyValueSpecification\",\"valueRequired\":true,\"valueName\":\"search_term_string\"}}],\"inLanguage\":\"de\"},{\"@type\":\"Organization\",\"@id\":\"https:\\\/\\\/www.fleischerei-erkes.de\\\/fleischerei\\\/#organization\",\"name\":\"Fleischerei Erkes - Glehns geschmackvolle Adresse\",\"alternateName\":\"Fleischerei Erkes - Glehn\",\"url\":\"https:\\\/\\\/www.fleischerei-erkes.de\\\/fleischerei\\\/\",\"logo\":{\"@type\":\"ImageObject\",\"inLanguage\":\"de\",\"@id\":\"https:\\\/\\\/www.fleischerei-erkes.de\\\/fleischerei\\\/#\\\/schema\\\/logo\\\/image\\\/\",\"url\":\"https:\\\/\\\/www.fleischerei-erkes.de\\\/fleischerei\\\/wp-content\\\/uploads\\\/2022\\\/07\\\/Fleischerei-Erkes-Glehn_Logo_grau-1.png\",\"contentUrl\":\"https:\\\/\\\/www.fleischerei-erkes.de\\\/fleischerei\\\/wp-content\\\/uploads\\\/2022\\\/07\\\/Fleischerei-Erkes-Glehn_Logo_grau-1.png\",\"width\":1000,\"height\":166,\"caption\":\"Fleischerei Erkes - Glehns geschmackvolle Adresse\"},\"image\":{\"@id\":\"https:\\\/\\\/www.fleischerei-erkes.de\\\/fleischerei\\\/#\\\/schema\\\/logo\\\/image\\\/\"},\"sameAs\":[\"https:\\\/\\\/www.facebook.com\\\/Fleischerei-Erkes-Glehns-geschmackvolle-Adresse-101238474861935\"]}]}<\/script>\n<!-- \/ Yoast SEO plugin. -->","yoast_head_json":{"title":"Altbierwurst - Fleischerei Erkes - Glehns geschmackvolle Adresse","robots":{"index":"index","follow":"follow","max-snippet":"max-snippet:-1","max-image-preview":"max-image-preview:large","max-video-preview":"max-video-preview:-1"},"canonical":"https:\/\/www.fleischerei-erkes.de\/fleischerei\/altbierwurst\/","og_locale":"de_DE","og_type":"article","og_title":"Altbierwurst - Fleischerei Erkes - Glehns geschmackvolle Adresse","og_url":"https:\/\/www.fleischerei-erkes.de\/fleischerei\/altbierwurst\/","og_site_name":"Fleischerei Erkes - Glehns geschmackvolle Adresse","article_publisher":"https:\/\/www.facebook.com\/Fleischerei-Erkes-Glehns-geschmackvolle-Adresse-101238474861935","article_modified_time":"2024-10-22T10:21:28+00:00","og_image":[{"width":1920,"height":580,"url":"https:\/\/www.fleischerei-erkes.de\/fleischerei\/wp-content\/uploads\/2014\/11\/fleischerei_erkes_glehn_historie_01.jpg","type":"image\/jpeg"}],"twitter_card":"summary_large_image","twitter_misc":{"Gesch\u00e4tzte Lesezeit":"3\u00a0Minuten"},"schema":{"@context":"https:\/\/schema.org","@graph":[{"@type":"WebPage","@id":"https:\/\/www.fleischerei-erkes.de\/fleischerei\/altbierwurst\/","url":"https:\/\/www.fleischerei-erkes.de\/fleischerei\/altbierwurst\/","name":"Altbierwurst - Fleischerei Erkes - Glehns geschmackvolle Adresse","isPartOf":{"@id":"https:\/\/www.fleischerei-erkes.de\/fleischerei\/#website"},"datePublished":"2014-07-17T12:05:35+00:00","dateModified":"2024-10-22T10:21:28+00:00","breadcrumb":{"@id":"https:\/\/www.fleischerei-erkes.de\/fleischerei\/altbierwurst\/#breadcrumb"},"inLanguage":"de","potentialAction":[{"@type":"ReadAction","target":["https:\/\/www.fleischerei-erkes.de\/fleischerei\/altbierwurst\/"]}]},{"@type":"BreadcrumbList","@id":"https:\/\/www.fleischerei-erkes.de\/fleischerei\/altbierwurst\/#breadcrumb","itemListElement":[{"@type":"ListItem","position":1,"name":"Startseite","item":"https:\/\/www.fleischerei-erkes.de\/fleischerei\/fleischerei-erkes-glehns-geschmackvolle-adresse\/"},{"@type":"ListItem","position":2,"name":"Altbierwurst"}]},{"@type":"WebSite","@id":"https:\/\/www.fleischerei-erkes.de\/fleischerei\/#website","url":"https:\/\/www.fleischerei-erkes.de\/fleischerei\/","name":"Fleischerei Erkes - Glehns geschmackvolle Adresse","description":"Glehns geschmackvolle Adresse","publisher":{"@id":"https:\/\/www.fleischerei-erkes.de\/fleischerei\/#organization"},"alternateName":"Erkes. Der Metzger in Glehn","potentialAction":[{"@type":"SearchAction","target":{"@type":"EntryPoint","urlTemplate":"https:\/\/www.fleischerei-erkes.de\/fleischerei\/?s={search_term_string}"},"query-input":{"@type":"PropertyValueSpecification","valueRequired":true,"valueName":"search_term_string"}}],"inLanguage":"de"},{"@type":"Organization","@id":"https:\/\/www.fleischerei-erkes.de\/fleischerei\/#organization","name":"Fleischerei Erkes - Glehns geschmackvolle Adresse","alternateName":"Fleischerei Erkes - Glehn","url":"https:\/\/www.fleischerei-erkes.de\/fleischerei\/","logo":{"@type":"ImageObject","inLanguage":"de","@id":"https:\/\/www.fleischerei-erkes.de\/fleischerei\/#\/schema\/logo\/image\/","url":"https:\/\/www.fleischerei-erkes.de\/fleischerei\/wp-content\/uploads\/2022\/07\/Fleischerei-Erkes-Glehn_Logo_grau-1.png","contentUrl":"https:\/\/www.fleischerei-erkes.de\/fleischerei\/wp-content\/uploads\/2022\/07\/Fleischerei-Erkes-Glehn_Logo_grau-1.png","width":1000,"height":166,"caption":"Fleischerei Erkes - Glehns geschmackvolle Adresse"},"image":{"@id":"https:\/\/www.fleischerei-erkes.de\/fleischerei\/#\/schema\/logo\/image\/"},"sameAs":["https:\/\/www.facebook.com\/Fleischerei-Erkes-Glehns-geschmackvolle-Adresse-101238474861935"]}]}},"_links":{"self":[{"href":"https:\/\/www.fleischerei-erkes.de\/fleischerei\/wp-json\/wp\/v2\/pages\/15","targetHints":{"allow":["GET"]}}],"collection":[{"href":"https:\/\/www.fleischerei-erkes.de\/fleischerei\/wp-json\/wp\/v2\/pages"}],"about":[{"href":"https:\/\/www.fleischerei-erkes.de\/fleischerei\/wp-json\/wp\/v2\/types\/page"}],"author":[{"embeddable":true,"href":"https:\/\/www.fleischerei-erkes.de\/fleischerei\/wp-json\/wp\/v2\/users\/1"}],"replies":[{"embeddable":true,"href":"https:\/\/www.fleischerei-erkes.de\/fleischerei\/wp-json\/wp\/v2\/comments?post=15"}],"version-history":[{"count":28,"href":"https:\/\/www.fleischerei-erkes.de\/fleischerei\/wp-json\/wp\/v2\/pages\/15\/revisions"}],"predecessor-version":[{"id":2227,"href":"https:\/\/www.fleischerei-erkes.de\/fleischerei\/wp-json\/wp\/v2\/pages\/15\/revisions\/2227"}],"wp:attachment":[{"href":"https:\/\/www.fleischerei-erkes.de\/fleischerei\/wp-json\/wp\/v2\/media?parent=15"}],"curies":[{"name":"wp","href":"https:\/\/api.w.org\/{rel}","templated":true}]}}