{"id":1064,"date":"2020-09-05T16:32:28","date_gmt":"2020-09-05T14:32:28","guid":{"rendered":"http:\/\/www.fleischerei-erkes.de\/?page_id=1064"},"modified":"2026-04-13T12:40:33","modified_gmt":"2026-04-13T10:40:33","slug":"fleischerei-erkes-frisch-zubereitete-gerichte-zum-erwaermen","status":"publish","type":"page","link":"https:\/\/www.fleischerei-erkes.de\/fleischerei\/fleischerei-erkes-frisch-zubereitete-gerichte-zum-erwaermen\/","title":{"rendered":"Fertiggerichte"},"content":{"rendered":"\n<style type=\"text\/css\" data-created_by=\"avia_inline_auto\" id=\"style-css-av-mnhq6ivf-6785a414b985957a6a591e27c451bb1a\">\n.avia-section.av-mnhq6ivf-6785a414b985957a6a591e27c451bb1a .av-parallax .av-parallax-inner{\nbackground-repeat:no-repeat;\nbackground-image:url(https:\/\/www.fleischerei-erkes.de\/fleischerei\/wp-content\/uploads\/2022\/07\/Fleischerei-Erkes-Glehn_braten_2000x1220-1.png);\nbackground-position:50% 0%;\nbackground-attachment:scroll;\n}\n<\/style>\n<div id='av_section_1'  class='avia-section av-mnhq6ivf-6785a414b985957a6a591e27c451bb1a main_color avia-section-small avia-no-border-styling  avia-builder-el-0  el_before_av_section  avia-builder-el-first  av-parallax-section avia-bg-style-parallax av-minimum-height av-minimum-height-custom  container_wrap fullsize'  data-section-bg-repeat='no-repeat' data-av_minimum_height_px='150'><div class='av-parallax' data-avia-parallax-ratio='0.3' ><div class='av-parallax-inner main_color avia-full-stretch'><\/div><\/div><div class='container av-section-cont-open' style='height:150px'><main  role=\"main\" itemprop=\"mainContentOfPage\"  class='template-page content  av-content-full alpha units'><div class='post-entry post-entry-type-page post-entry-1064'><div class='entry-content-wrapper clearfix'>\n\n<style type=\"text\/css\" data-created_by=\"avia_inline_auto\" id=\"style-css-av-mnhq3qfb-ebaa146263f9a66be7a4b6d9102a9f57\">\n#top .av-special-heading.av-mnhq3qfb-ebaa146263f9a66be7a4b6d9102a9f57{\npadding-bottom:10px;\ncolor:#b69c5d;\n}\nbody .av-special-heading.av-mnhq3qfb-ebaa146263f9a66be7a4b6d9102a9f57 .av-special-heading-tag .heading-char{\nfont-size:25px;\n}\n.av-special-heading.av-mnhq3qfb-ebaa146263f9a66be7a4b6d9102a9f57 .special-heading-inner-border{\nborder-color:#b69c5d;\n}\n.av-special-heading.av-mnhq3qfb-ebaa146263f9a66be7a4b6d9102a9f57 .av-subheading{\nfont-size:15px;\n}\n<\/style>\n<div  class='av-special-heading av-mnhq3qfb-ebaa146263f9a66be7a4b6d9102a9f57 av-special-heading-h1 custom-color-heading blockquote modern-quote  avia-builder-el-1  avia-builder-el-no-sibling '><h1 class='av-special-heading-tag'  itemprop=\"headline\"  >Unsere hausgemachten Fertiggerichte f\u00fcr die Woche vom 15. &#8211; 18. April<\/h1><div class=\"special-heading-border\"><div class=\"special-heading-inner-border\"><\/div><\/div><\/div>\n<\/div><\/div><\/main><!-- close content main element --><\/div><div class='av-extra-border-element border-extra-diagonal border-extra-diagonal-inverse '><div class='av-extra-border-outer'><div class='av-extra-border-inner'><\/div><\/div><\/div><\/div>\n<style type=\"text\/css\" data-created_by=\"avia_inline_auto\" id=\"style-css-av-mnhq6rf4-cf37fe5ccd6a8054ae2a3bbc96f34b65\">\n.avia-section.av-mnhq6rf4-cf37fe5ccd6a8054ae2a3bbc96f34b65 .av-extra-border-element .av-extra-border-inner{\nbackground-color:#ffffff;\n}\n<\/style>\n<div id='av_section_2'  class='avia-section av-mnhq6rf4-cf37fe5ccd6a8054ae2a3bbc96f34b65 main_color avia-section-small avia-no-border-styling  avia-builder-el-2  el_after_av_section  el_before_av_hr  avia-bg-style-scroll av-minimum-height av-minimum-height-custom  container_wrap fullsize'   data-av_minimum_height_px='400'><div class='container av-section-cont-open' style='height:400px'><div class='template-page content  av-content-full alpha units'><div class='post-entry post-entry-type-page post-entry-1064'><div class='entry-content-wrapper clearfix'>\n\n<style type=\"text\/css\" data-created_by=\"avia_inline_auto\" id=\"style-css-av-mnhq68h3-84b50becc1fb4b102bd84dfebacb823c\">\n#top .av_textblock_section.av-mnhq68h3-84b50becc1fb4b102bd84dfebacb823c .avia_textblock{\nfont-size:15px;\n}\n<\/style>\n<section  class='av_textblock_section av-mnhq68h3-84b50becc1fb4b102bd84dfebacb823c'  itemscope=\"itemscope\" itemtype=\"https:\/\/schema.org\/CreativeWork\" ><div class='avia_textblock'  itemprop=\"text\" ><h2>Frisch f\u00fcr Sie vorbereitet in dieser Woche:<\/h2>\n<p><strong>Ab Mittwoch:<br \/>\n<\/strong><\/p>\n<ul>\n<li>Linsensuppe<\/li>\n<li>Gr\u00fcne Bohnensuppe<\/li>\n<li>M\u00f6hrengem\u00fcse mit Bratwurst<\/li>\n<li>Spargelquiche<\/li>\n<\/ul>\n<p><strong>Ab Donnerstag:<br \/>\n<\/strong><\/p>\n<ul>\n<li>Schlemmerpfanne<\/li>\n<li>H\u00e4hnchenbrustfilet in Tomaten-Basilikumsauce<\/li>\n<li>Lachsspinatquiche<\/li>\n<\/ul>\n<p><strong>F\u00fcr die Pfanne zum selbst Braten:<\/strong><\/p>\n<ul>\n<li class=\"p1\">Schweinegeschnetzeltes \u201eGyros\u201c und Putengyros<\/li>\n<\/ul>\n<p><strong>F\u00fcr den Ofen:<\/strong><\/p>\n<ul>\n<li class=\"p1\">Schlemmerschnitzel mit Spargelcreme und Schinken<\/li>\n<\/ul>\n<p><strong>Zus\u00e4tzlich:<\/strong><\/p>\n<ul>\n<li class=\"p1\">B\u00e4rlauchschinkenwurst \/ B\u00e4rlauchleberwurst \/ B\u00e4rlauchkochschinken<\/li>\n<li class=\"p1\">Rosmarinschinken \/ Spargelschinken<\/li>\n<li>Wildschweinschinken und Wildschweinsalami aus der eigenen Reifekammer<\/li>\n<\/ul>\n<\/div><\/section>\n<\/div><\/div><\/div><!-- close content main div --><\/div><div class='av-extra-border-element border-extra-diagonal border-extra-diagonal-inverse '><div class='av-extra-border-outer'><div class='av-extra-border-inner'><\/div><\/div><\/div><\/div><div id='after_section_2'  class='main_color av_default_container_wrap container_wrap fullsize'  ><div class='container av-section-cont-open' ><div class='template-page content  av-content-full alpha units'><div class='post-entry post-entry-type-page post-entry-1064'><div class='entry-content-wrapper clearfix'>\n<style type=\"text\/css\" data-created_by=\"avia_inline_auto\" id=\"style-css-av-7ua9vc-44dfa60a5464fe3585bb00a98da16151\">\n#top .hr.hr-invisible.av-7ua9vc-44dfa60a5464fe3585bb00a98da16151{\nheight:50px;\n}\n<\/style>\n<div  class='hr av-7ua9vc-44dfa60a5464fe3585bb00a98da16151 hr-invisible  avia-builder-el-4  el_after_av_section  el_before_av_one_fourth  avia-builder-el-first '><span class='hr-inner '><span class=\"hr-inner-style\"><\/span><\/span><\/div><\/p>\n<div class='flex_column av-66fkfc-27eae1d6e915e3f443aa297a9162a6e0 av_one_fourth  avia-builder-el-5  el_after_av_hr  el_before_av_one_half  first flex_column_div '     ><\/div>\n<div class='flex_column av-3w28vs-f597c0085e1c5703296b86d62bc00fee av_one_half  avia-builder-el-6  el_after_av_one_fourth  el_before_av_one_fourth  flex_column_div '     ><p><div  class='avia-button-wrap av-l60q5961-7cc14aa23025679036db1b410f5c6454-wrap avia-button-center  avia-builder-el-7  el_before_av_hr  avia-builder-el-first ' >\n<style type=\"text\/css\" data-created_by=\"avia_inline_auto\" id=\"style-css-av-l60q5961-7cc14aa23025679036db1b410f5c6454\">\n#top #wrap_all .avia-button.av-l60q5961-7cc14aa23025679036db1b410f5c6454{\nbackground-color:#b69c5d;\nborder-color:#b69c5d;\ncolor:#ffffff;\n-webkit-transition:all 0.4s ease-in-out;\n-moz-transition:all 0.4s ease-in-out;\n-ms-transition:all 0.4s ease-in-out;\n-o-transition:all 0.4s ease-in-out;\ntransition:all 0.4s ease-in-out;\n}\n#top #wrap_all .avia-button.av-l60q5961-7cc14aa23025679036db1b410f5c6454:hover{\nbackground-color:grey;\ncolor:white;\n-webkit-transition:all 0.4s ease-in-out;\n-moz-transition:all 0.4s ease-in-out;\n-ms-transition:all 0.4s ease-in-out;\n-o-transition:all 0.4s ease-in-out;\ntransition:all 0.4s ease-in-out;\n}\n<\/style>\n<a href='https:\/\/www.fleischerei-erkes.de\/fleischerei\/bestellungen\/'  class='avia-button av-l60q5961-7cc14aa23025679036db1b410f5c6454 avia-icon_select-yes-left-icon avia-size-small avia-position-center' ><span class='avia_button_icon avia_button_icon_left' aria-hidden='true' data-av_icon='\ue844' data-av_iconfont='entypo-fontello'><\/span><span class='avia_iconbox_title' >Sie k\u00f6nnen die Gerichte auch \u00fcber unser Bestellformular bestellen. (hier klicken)<\/span><\/a><\/div><br \/>\n\n<style type=\"text\/css\" data-created_by=\"avia_inline_auto\" id=\"style-css-av-3616bc-7ac1e72d6640651346fff4b87fecb502\">\n#top .hr.hr-invisible.av-3616bc-7ac1e72d6640651346fff4b87fecb502{\nheight:50px;\n}\n<\/style>\n<div  class='hr av-3616bc-7ac1e72d6640651346fff4b87fecb502 hr-invisible  avia-builder-el-8  el_after_av_button  el_before_av_icon_box '><span class='hr-inner '><span class=\"hr-inner-style\"><\/span><\/span><\/div><br \/>\n\n<style type=\"text\/css\" data-created_by=\"avia_inline_auto\" id=\"style-css-av-l60pzvds-41c0a829bea13e608f95891b4e44a4a2\">\n.iconbox.av-l60pzvds-41c0a829bea13e608f95891b4e44a4a2 .iconbox_icon{\nbackground-color:#b69c5d;\n}\n<\/style>\n<article  class='iconbox iconbox_top av-l60pzvds-41c0a829bea13e608f95891b4e44a4a2  avia-builder-el-9  el_after_av_hr  avia-builder-el-last  main_color'  itemscope=\"itemscope\" itemtype=\"https:\/\/schema.org\/CreativeWork\" ><div class=\"iconbox_content\"><header class=\"entry-content-header\"><div class=\"iconbox_icon heading-color\" aria-hidden='true' data-av_icon='\ue81f' data-av_iconfont='entypo-fontello'><\/div><\/header><div class='iconbox_content_container '  itemprop=\"text\" ><p>Bitte geben Sie Ihre Bestellung mindestens einen Tag vorher bis 18.30 Uhr auf. Bestellungen, die uns sp\u00e4ter erreichen, k\u00f6nnen wir evtl. nicht mehr bis zum n\u00e4chsten Tag ber\u00fccksichtigen.<\/p>\n<\/div><\/div><footer class=\"entry-footer\"><\/footer><\/article><\/p><\/div>\n<div class='flex_column av-24zdc8-044e8ba2e1d2604febcbc082f50fc0df av_one_fourth  avia-builder-el-10  el_after_av_one_half  avia-builder-el-last  flex_column_div '     ><\/div>\n","protected":false},"excerpt":{"rendered":"","protected":false},"author":1,"featured_media":0,"parent":0,"menu_order":3,"comment_status":"closed","ping_status":"closed","template":"","meta":{"footnotes":""},"class_list":["post-1064","page","type-page","status-publish","hentry"],"yoast_head":"<!-- This site is optimized with the Yoast SEO plugin v27.4 - https:\/\/yoast.com\/product\/yoast-seo-wordpress\/ -->\n<title>Fertiggerichte - Fleischerei Erkes - Glehns geschmackvolle Adresse<\/title>\n<meta name=\"description\" content=\"Bei uns bekommen Sie aus besten Zutaten frisch zubereitete Gerichte zum erw\u00e4rmen. Nat\u00fcrlich auch zum Grillen.\" \/>\n<meta name=\"robots\" content=\"index, follow, max-snippet:-1, max-image-preview:large, max-video-preview:-1\" \/>\n<link rel=\"canonical\" href=\"https:\/\/www.fleischerei-erkes.de\/fleischerei\/fleischerei-erkes-frisch-zubereitete-gerichte-zum-erwaermen\/\" \/>\n<meta property=\"og:locale\" content=\"de_DE\" \/>\n<meta property=\"og:type\" content=\"article\" \/>\n<meta property=\"og:title\" content=\"Fertiggerichte - Fleischerei Erkes - Glehns geschmackvolle Adresse\" \/>\n<meta property=\"og:description\" content=\"Bei uns bekommen Sie aus besten Zutaten frisch zubereitete Gerichte zum erw\u00e4rmen. Nat\u00fcrlich auch zum Grillen.\" \/>\n<meta property=\"og:url\" content=\"https:\/\/www.fleischerei-erkes.de\/fleischerei\/fleischerei-erkes-frisch-zubereitete-gerichte-zum-erwaermen\/\" \/>\n<meta property=\"og:site_name\" content=\"Fleischerei Erkes - Glehns geschmackvolle Adresse\" \/>\n<meta property=\"article:publisher\" content=\"https:\/\/www.facebook.com\/Fleischerei-Erkes-Glehns-geschmackvolle-Adresse-101238474861935\" \/>\n<meta property=\"article:modified_time\" content=\"2026-04-13T10:40:33+00:00\" \/>\n<meta property=\"og:image\" content=\"https:\/\/www.fleischerei-erkes.de\/fleischerei\/wp-content\/uploads\/2014\/11\/fleischerei_erkes_glehn_historie_01.jpg\" \/>\n\t<meta property=\"og:image:width\" content=\"1920\" \/>\n\t<meta property=\"og:image:height\" content=\"580\" \/>\n\t<meta property=\"og:image:type\" content=\"image\/jpeg\" \/>\n<meta name=\"twitter:card\" content=\"summary_large_image\" \/>\n<meta name=\"twitter:label1\" content=\"Gesch\u00e4tzte Lesezeit\" \/>\n\t<meta name=\"twitter:data1\" content=\"6\u00a0Minuten\" \/>\n<script type=\"application\/ld+json\" class=\"yoast-schema-graph\">{\"@context\":\"https:\\\/\\\/schema.org\",\"@graph\":[{\"@type\":\"WebPage\",\"@id\":\"https:\\\/\\\/www.fleischerei-erkes.de\\\/fleischerei\\\/fleischerei-erkes-frisch-zubereitete-gerichte-zum-erwaermen\\\/\",\"url\":\"https:\\\/\\\/www.fleischerei-erkes.de\\\/fleischerei\\\/fleischerei-erkes-frisch-zubereitete-gerichte-zum-erwaermen\\\/\",\"name\":\"Fertiggerichte - Fleischerei Erkes - Glehns geschmackvolle Adresse\",\"isPartOf\":{\"@id\":\"https:\\\/\\\/www.fleischerei-erkes.de\\\/fleischerei\\\/#website\"},\"datePublished\":\"2020-09-05T14:32:28+00:00\",\"dateModified\":\"2026-04-13T10:40:33+00:00\",\"description\":\"Bei uns bekommen Sie aus besten Zutaten frisch zubereitete Gerichte zum erw\u00e4rmen. Nat\u00fcrlich auch zum Grillen.\",\"breadcrumb\":{\"@id\":\"https:\\\/\\\/www.fleischerei-erkes.de\\\/fleischerei\\\/fleischerei-erkes-frisch-zubereitete-gerichte-zum-erwaermen\\\/#breadcrumb\"},\"inLanguage\":\"de\",\"potentialAction\":[{\"@type\":\"ReadAction\",\"target\":[\"https:\\\/\\\/www.fleischerei-erkes.de\\\/fleischerei\\\/fleischerei-erkes-frisch-zubereitete-gerichte-zum-erwaermen\\\/\"]}]},{\"@type\":\"BreadcrumbList\",\"@id\":\"https:\\\/\\\/www.fleischerei-erkes.de\\\/fleischerei\\\/fleischerei-erkes-frisch-zubereitete-gerichte-zum-erwaermen\\\/#breadcrumb\",\"itemListElement\":[{\"@type\":\"ListItem\",\"position\":1,\"name\":\"Startseite\",\"item\":\"https:\\\/\\\/www.fleischerei-erkes.de\\\/fleischerei\\\/fleischerei-erkes-glehns-geschmackvolle-adresse\\\/\"},{\"@type\":\"ListItem\",\"position\":2,\"name\":\"Fertiggerichte\"}]},{\"@type\":\"WebSite\",\"@id\":\"https:\\\/\\\/www.fleischerei-erkes.de\\\/fleischerei\\\/#website\",\"url\":\"https:\\\/\\\/www.fleischerei-erkes.de\\\/fleischerei\\\/\",\"name\":\"Fleischerei Erkes - Glehns geschmackvolle Adresse\",\"description\":\"Glehns geschmackvolle Adresse\",\"publisher\":{\"@id\":\"https:\\\/\\\/www.fleischerei-erkes.de\\\/fleischerei\\\/#organization\"},\"alternateName\":\"Erkes. Der Metzger in Glehn\",\"potentialAction\":[{\"@type\":\"SearchAction\",\"target\":{\"@type\":\"EntryPoint\",\"urlTemplate\":\"https:\\\/\\\/www.fleischerei-erkes.de\\\/fleischerei\\\/?s={search_term_string}\"},\"query-input\":{\"@type\":\"PropertyValueSpecification\",\"valueRequired\":true,\"valueName\":\"search_term_string\"}}],\"inLanguage\":\"de\"},{\"@type\":\"Organization\",\"@id\":\"https:\\\/\\\/www.fleischerei-erkes.de\\\/fleischerei\\\/#organization\",\"name\":\"Fleischerei Erkes - Glehns geschmackvolle Adresse\",\"alternateName\":\"Fleischerei Erkes - Glehn\",\"url\":\"https:\\\/\\\/www.fleischerei-erkes.de\\\/fleischerei\\\/\",\"logo\":{\"@type\":\"ImageObject\",\"inLanguage\":\"de\",\"@id\":\"https:\\\/\\\/www.fleischerei-erkes.de\\\/fleischerei\\\/#\\\/schema\\\/logo\\\/image\\\/\",\"url\":\"https:\\\/\\\/www.fleischerei-erkes.de\\\/fleischerei\\\/wp-content\\\/uploads\\\/2022\\\/07\\\/Fleischerei-Erkes-Glehn_Logo_grau-1.png\",\"contentUrl\":\"https:\\\/\\\/www.fleischerei-erkes.de\\\/fleischerei\\\/wp-content\\\/uploads\\\/2022\\\/07\\\/Fleischerei-Erkes-Glehn_Logo_grau-1.png\",\"width\":1000,\"height\":166,\"caption\":\"Fleischerei Erkes - Glehns geschmackvolle Adresse\"},\"image\":{\"@id\":\"https:\\\/\\\/www.fleischerei-erkes.de\\\/fleischerei\\\/#\\\/schema\\\/logo\\\/image\\\/\"},\"sameAs\":[\"https:\\\/\\\/www.facebook.com\\\/Fleischerei-Erkes-Glehns-geschmackvolle-Adresse-101238474861935\"]}]}<\/script>\n<!-- \/ Yoast SEO plugin. -->","yoast_head_json":{"title":"Fertiggerichte - Fleischerei Erkes - Glehns geschmackvolle Adresse","description":"Bei uns bekommen Sie aus besten Zutaten frisch zubereitete Gerichte zum erw\u00e4rmen. Nat\u00fcrlich auch zum Grillen.","robots":{"index":"index","follow":"follow","max-snippet":"max-snippet:-1","max-image-preview":"max-image-preview:large","max-video-preview":"max-video-preview:-1"},"canonical":"https:\/\/www.fleischerei-erkes.de\/fleischerei\/fleischerei-erkes-frisch-zubereitete-gerichte-zum-erwaermen\/","og_locale":"de_DE","og_type":"article","og_title":"Fertiggerichte - Fleischerei Erkes - Glehns geschmackvolle Adresse","og_description":"Bei uns bekommen Sie aus besten Zutaten frisch zubereitete Gerichte zum erw\u00e4rmen. Nat\u00fcrlich auch zum Grillen.","og_url":"https:\/\/www.fleischerei-erkes.de\/fleischerei\/fleischerei-erkes-frisch-zubereitete-gerichte-zum-erwaermen\/","og_site_name":"Fleischerei Erkes - Glehns geschmackvolle Adresse","article_publisher":"https:\/\/www.facebook.com\/Fleischerei-Erkes-Glehns-geschmackvolle-Adresse-101238474861935","article_modified_time":"2026-04-13T10:40:33+00:00","og_image":[{"width":1920,"height":580,"url":"https:\/\/www.fleischerei-erkes.de\/fleischerei\/wp-content\/uploads\/2014\/11\/fleischerei_erkes_glehn_historie_01.jpg","type":"image\/jpeg"}],"twitter_card":"summary_large_image","twitter_misc":{"Gesch\u00e4tzte Lesezeit":"6\u00a0Minuten"},"schema":{"@context":"https:\/\/schema.org","@graph":[{"@type":"WebPage","@id":"https:\/\/www.fleischerei-erkes.de\/fleischerei\/fleischerei-erkes-frisch-zubereitete-gerichte-zum-erwaermen\/","url":"https:\/\/www.fleischerei-erkes.de\/fleischerei\/fleischerei-erkes-frisch-zubereitete-gerichte-zum-erwaermen\/","name":"Fertiggerichte - Fleischerei Erkes - Glehns geschmackvolle Adresse","isPartOf":{"@id":"https:\/\/www.fleischerei-erkes.de\/fleischerei\/#website"},"datePublished":"2020-09-05T14:32:28+00:00","dateModified":"2026-04-13T10:40:33+00:00","description":"Bei uns bekommen Sie aus besten Zutaten frisch zubereitete Gerichte zum erw\u00e4rmen. Nat\u00fcrlich auch zum Grillen.","breadcrumb":{"@id":"https:\/\/www.fleischerei-erkes.de\/fleischerei\/fleischerei-erkes-frisch-zubereitete-gerichte-zum-erwaermen\/#breadcrumb"},"inLanguage":"de","potentialAction":[{"@type":"ReadAction","target":["https:\/\/www.fleischerei-erkes.de\/fleischerei\/fleischerei-erkes-frisch-zubereitete-gerichte-zum-erwaermen\/"]}]},{"@type":"BreadcrumbList","@id":"https:\/\/www.fleischerei-erkes.de\/fleischerei\/fleischerei-erkes-frisch-zubereitete-gerichte-zum-erwaermen\/#breadcrumb","itemListElement":[{"@type":"ListItem","position":1,"name":"Startseite","item":"https:\/\/www.fleischerei-erkes.de\/fleischerei\/fleischerei-erkes-glehns-geschmackvolle-adresse\/"},{"@type":"ListItem","position":2,"name":"Fertiggerichte"}]},{"@type":"WebSite","@id":"https:\/\/www.fleischerei-erkes.de\/fleischerei\/#website","url":"https:\/\/www.fleischerei-erkes.de\/fleischerei\/","name":"Fleischerei Erkes - Glehns geschmackvolle Adresse","description":"Glehns geschmackvolle Adresse","publisher":{"@id":"https:\/\/www.fleischerei-erkes.de\/fleischerei\/#organization"},"alternateName":"Erkes. Der Metzger in Glehn","potentialAction":[{"@type":"SearchAction","target":{"@type":"EntryPoint","urlTemplate":"https:\/\/www.fleischerei-erkes.de\/fleischerei\/?s={search_term_string}"},"query-input":{"@type":"PropertyValueSpecification","valueRequired":true,"valueName":"search_term_string"}}],"inLanguage":"de"},{"@type":"Organization","@id":"https:\/\/www.fleischerei-erkes.de\/fleischerei\/#organization","name":"Fleischerei Erkes - Glehns geschmackvolle Adresse","alternateName":"Fleischerei Erkes - Glehn","url":"https:\/\/www.fleischerei-erkes.de\/fleischerei\/","logo":{"@type":"ImageObject","inLanguage":"de","@id":"https:\/\/www.fleischerei-erkes.de\/fleischerei\/#\/schema\/logo\/image\/","url":"https:\/\/www.fleischerei-erkes.de\/fleischerei\/wp-content\/uploads\/2022\/07\/Fleischerei-Erkes-Glehn_Logo_grau-1.png","contentUrl":"https:\/\/www.fleischerei-erkes.de\/fleischerei\/wp-content\/uploads\/2022\/07\/Fleischerei-Erkes-Glehn_Logo_grau-1.png","width":1000,"height":166,"caption":"Fleischerei Erkes - Glehns geschmackvolle Adresse"},"image":{"@id":"https:\/\/www.fleischerei-erkes.de\/fleischerei\/#\/schema\/logo\/image\/"},"sameAs":["https:\/\/www.facebook.com\/Fleischerei-Erkes-Glehns-geschmackvolle-Adresse-101238474861935"]}]}},"_links":{"self":[{"href":"https:\/\/www.fleischerei-erkes.de\/fleischerei\/wp-json\/wp\/v2\/pages\/1064","targetHints":{"allow":["GET"]}}],"collection":[{"href":"https:\/\/www.fleischerei-erkes.de\/fleischerei\/wp-json\/wp\/v2\/pages"}],"about":[{"href":"https:\/\/www.fleischerei-erkes.de\/fleischerei\/wp-json\/wp\/v2\/types\/page"}],"author":[{"embeddable":true,"href":"https:\/\/www.fleischerei-erkes.de\/fleischerei\/wp-json\/wp\/v2\/users\/1"}],"replies":[{"embeddable":true,"href":"https:\/\/www.fleischerei-erkes.de\/fleischerei\/wp-json\/wp\/v2\/comments?post=1064"}],"version-history":[{"count":429,"href":"https:\/\/www.fleischerei-erkes.de\/fleischerei\/wp-json\/wp\/v2\/pages\/1064\/revisions"}],"predecessor-version":[{"id":5634,"href":"https:\/\/www.fleischerei-erkes.de\/fleischerei\/wp-json\/wp\/v2\/pages\/1064\/revisions\/5634"}],"wp:attachment":[{"href":"https:\/\/www.fleischerei-erkes.de\/fleischerei\/wp-json\/wp\/v2\/media?parent=1064"}],"curies":[{"name":"wp","href":"https:\/\/api.w.org\/{rel}","templated":true}]}}